{"id":15898,"date":"2025-03-20T10:41:41","date_gmt":"2025-03-20T10:41:41","guid":{"rendered":"https:\/\/assima2022.wpengine.com\/partenaires\/assima-propulse-par-aws\/"},"modified":"2025-12-12T01:18:20","modified_gmt":"2025-12-12T01:18:20","slug":"assima-propulse-par-aws","status":"publish","type":"page","link":"https:\/\/assimasolutions.com\/fr\/partenaires\/assima-propulse-par-aws\/","title":{"rendered":"Assima Propuls\u00e9 par AWS"},"content":{"rendered":"\t\t<div data-elementor-type=\"wp-page\" data-elementor-id=\"15898\" class=\"elementor elementor-15898 elementor-11326\" data-elementor-settings=\"{&quot;ha_cmc_init_switcher&quot;:&quot;no&quot;}\" data-elementor-post-type=\"page\">\n\t\t\t\t<div class=\"elementor-element elementor-element-fec93d0 e-ecs-flex e-flex e-con-boxed e-con e-parent\" data-id=\"fec93d0\" data-element_type=\"container\" data-settings=\"{&quot;ecs_container_type&quot;:&quot;flex&quot;,&quot;_ha_eqh_enable&quot;:false}\">\n\t\t\t\t\t<div class=\"e-con-inner\">\n\t\t<div class=\"elementor-element elementor-element-772f114 maximize-section e-ecs-flex e-flex e-con-boxed e-con e-child\" data-id=\"772f114\" data-element_type=\"container\" data-settings=\"{&quot;background_background&quot;:&quot;classic&quot;,&quot;ecs_container_type&quot;:&quot;flex&quot;,&quot;_ha_eqh_enable&quot;:false}\">\n\t\t\t\t\t<div class=\"e-con-inner\">\n\t\t<div class=\"elementor-element elementor-element-df6532a e-ecs-flex e-flex e-con-boxed e-con e-child\" data-id=\"df6532a\" data-element_type=\"container\" data-settings=\"{&quot;ecs_container_type&quot;:&quot;flex&quot;,&quot;_ha_eqh_enable&quot;:false}\">\n\t\t\t\t\t<div class=\"e-con-inner\">\n\t\t<div class=\"elementor-element elementor-element-9655887 e-con-full e-ecs-flex e-flex e-con e-child\" data-id=\"9655887\" data-element_type=\"container\" data-settings=\"{&quot;ecs_container_type&quot;:&quot;flex&quot;,&quot;_ha_eqh_enable&quot;:false}\">\n\t\t\t\t<div class=\"elementor-element elementor-element-f618995 elementor-widget elementor-widget-heading\" data-id=\"f618995\" data-element_type=\"widget\" data-widget_type=\"heading.default\">\n\t\t\t\t<div class=\"elementor-widget-container\">\n\t\t\t\t\t<h1 class=\"elementor-heading-title elementor-size-default\">Assima Propuls\u00e9 par AWS<\/h1>\t\t\t\t<\/div>\n\t\t\t\t<\/div>\n\t\t\t\t<div class=\"elementor-element elementor-element-5e36ef5 elementor-widget elementor-widget-image\" data-id=\"5e36ef5\" data-element_type=\"widget\" data-widget_type=\"image.default\">\n\t\t\t\t<div class=\"elementor-widget-container\">\n\t\t\t\t\t\t\t\t\t\t\t\t\t\t\t<img fetchpriority=\"high\" decoding=\"async\" width=\"300\" height=\"300\" src=\"https:\/\/assimasolutions.com\/wp-content\/uploads\/2025\/03\/assima-aws-300x300.png\" class=\"attachment-medium size-medium wp-image-14464\" alt=\"\" srcset=\"https:\/\/assimasolutions.com\/wp-content\/uploads\/2025\/03\/assima-aws-300x300.png 300w, https:\/\/assimasolutions.com\/wp-content\/uploads\/2025\/03\/assima-aws-150x150.png 150w, https:\/\/assimasolutions.com\/wp-content\/uploads\/2025\/03\/assima-aws.png 375w\" sizes=\"(max-width: 300px) 100vw, 300px\" \/>\t\t\t\t\t\t\t\t\t\t\t\t\t\t\t<\/div>\n\t\t\t\t<\/div>\n\t\t\t\t<\/div>\n\t\t\t\t\t<\/div>\n\t\t\t\t<\/div>\n\t\t\t\t\t<\/div>\n\t\t\t\t<\/div>\n\t\t\t\t\t<\/div>\n\t\t\t\t<\/div>\n\t\t<div class=\"elementor-element elementor-element-f73d200 e-ecs-flex e-flex e-con-boxed e-con e-parent\" data-id=\"f73d200\" data-element_type=\"container\" data-settings=\"{&quot;ecs_container_type&quot;:&quot;flex&quot;,&quot;_ha_eqh_enable&quot;:false}\">\n\t\t\t\t\t<div class=\"e-con-inner\">\n\t\t<div class=\"elementor-element elementor-element-4393a76 e-con-full e-ecs-flex e-flex e-con e-child\" data-id=\"4393a76\" data-element_type=\"container\" data-settings=\"{&quot;ecs_container_type&quot;:&quot;flex&quot;,&quot;_ha_eqh_enable&quot;:false}\">\n\t\t\t\t<div class=\"elementor-element elementor-element-8f021c7 elementor-widget elementor-widget-text-editor\" data-id=\"8f021c7\" data-element_type=\"widget\" data-widget_type=\"text-editor.default\">\n\t\t\t\t<div class=\"elementor-widget-container\">\n\t\t\t\t\t\t\t\t\t<p><span class=\"TextRun SCXW98498224 BCX8\" lang=\"EN-GB\" xml:lang=\"EN-GB\" data-contrast=\"auto\"><span class=\"NormalTextRun SCXW98498224 BCX8\">La plateforme de formation en syst\u00e8mes la plus avanc\u00e9e au monde, maintenant propuls\u00e9e par AWS. Avec des fonctions puissantes d&rsquo;\u00e9dition, de traduction, d&rsquo;anonymisation et de suivi, et gr\u00e2ce \u00e0 la technologie de clonage brevet\u00e9e 4x unique au monde, Assima, combin\u00e9e \u00e0 l&rsquo;\u00e9volutivit\u00e9 et \u00e0 la s\u00e9curit\u00e9 du nuage AWS, est dans une ligue \u00e0 part. <\/span><\/span><span class=\"EOP SCXW98498224 BCX8\" data-ccp-props=\"{}\"> <\/span><\/p>\t\t\t\t\t\t\t\t<\/div>\n\t\t\t\t<\/div>\n\t\t\t\t<\/div>\n\t\t\t\t\t<\/div>\n\t\t\t\t<\/div>\n\t\t<div class=\"elementor-element elementor-element-1e4166b e-ecs-flex e-flex e-con-boxed e-con e-parent\" data-id=\"1e4166b\" data-element_type=\"container\" data-settings=\"{&quot;ecs_container_type&quot;:&quot;flex&quot;,&quot;_ha_eqh_enable&quot;:false}\">\n\t\t\t\t\t<div class=\"e-con-inner\">\n\t\t\t\t<div class=\"elementor-element elementor-element-843cbb2 elementor-widget elementor-widget-heading\" data-id=\"843cbb2\" data-element_type=\"widget\" data-widget_type=\"heading.default\">\n\t\t\t\t<div class=\"elementor-widget-container\">\n\t\t\t\t\t<h1 class=\"elementor-heading-title elementor-size-default\">Technologie innovante pour la formation en entreprise  <\/h1>\t\t\t\t<\/div>\n\t\t\t\t<\/div>\n\t\t\t\t<div class=\"elementor-element elementor-element-db148e9 elementor-widget elementor-widget-text-editor\" data-id=\"db148e9\" data-element_type=\"widget\" data-widget_type=\"text-editor.default\">\n\t\t\t\t<div class=\"elementor-widget-container\">\n\t\t\t\t\t\t\t\t\t<p><span class=\"TextRun SCXW5778438 BCX8\" lang=\"EN-GB\" xml:lang=\"EN-GB\" data-contrast=\"auto\"><span class=\"NormalTextRun SCXW5778438 BCX8\">Au c\u0153ur de l&rsquo;action <\/span><span class=\"NormalTextRun SpellingErrorV2Themed SCXW5778438 BCX8\">Assima<\/span><span class=\"NormalTextRun SCXW5778438 BCX8\">  est sa technologie de clonage brevet\u00e9e 4x, qui permet aux organisations de cr\u00e9er des simulations interactives ultra-r\u00e9alistes de n&rsquo;importe quelle application d&rsquo;entreprise, y compris ERP, CRM, syst\u00e8mes maison et autres logiciels critiques. Cette capacit\u00e9 permet aux employ\u00e9s d&rsquo;apprendre dans un environnement sans risque, semblable \u00e0 un bac \u00e0 sable,   <\/span><span class=\"NormalTextRun SCXW5778438 BCX8\">\u00e9liminant<\/span><span class=\"NormalTextRun SCXW5778438 BCX8\"> le besoin de syst\u00e8mes de production en direct et la r\u00e9duction du risque d&rsquo;erreurs, de temps d&rsquo;arr\u00eat et de failles de s\u00e9curit\u00e9.<\/span><\/span><\/p>\t\t\t\t\t\t\t\t<\/div>\n\t\t\t\t<\/div>\n\t\t\t\t\t<\/div>\n\t\t\t\t<\/div>\n\t\t<div class=\"elementor-element elementor-element-80529df e-ecs-flex e-flex e-con-boxed e-con e-parent\" data-id=\"80529df\" data-element_type=\"container\" data-settings=\"{&quot;ecs_container_type&quot;:&quot;flex&quot;,&quot;_ha_eqh_enable&quot;:false}\">\n\t\t\t\t\t<div class=\"e-con-inner\">\n\t\t\t\t<div class=\"elementor-element elementor-element-a32db93 elementor-widget elementor-widget-heading\" data-id=\"a32db93\" data-element_type=\"widget\" data-widget_type=\"heading.default\">\n\t\t\t\t<div class=\"elementor-widget-container\">\n\t\t\t\t\t<h1 class=\"elementor-heading-title elementor-size-default\">Une plateforme de formation \u00e0 l'\u00e9preuve du temps avec AWS<\/h1>\t\t\t\t<\/div>\n\t\t\t\t<\/div>\n\t\t\t\t<div class=\"elementor-element elementor-element-119c046 elementor-widget elementor-widget-text-editor\" data-id=\"119c046\" data-element_type=\"widget\" data-widget_type=\"text-editor.default\">\n\t\t\t\t<div class=\"elementor-widget-container\">\n\t\t\t\t\t\t\t\t\t<p>L&rsquo;architecture cloud-native d&rsquo;Assima, construite sur AWS, garantit aux entreprises la p\u00e9rennit\u00e9 de leurs initiatives de formation. Qu&rsquo;il s&rsquo;agisse de s&rsquo;\u00e9tendre \u00e0 de nouvelles applications, de s&rsquo;int\u00e9grer \u00e0 d&rsquo;autres services AWS ou de s&rsquo;adapter \u00e0 un plus grand nombre d&rsquo;utilisateurs, Assima s&rsquo;adapte \u00e0 l&rsquo;\u00e9volution des besoins des organisations. <\/p><p>En combinant la technologie d&rsquo;adoption num\u00e9rique de classe mondiale d&rsquo;Assima avec les capacit\u00e9s cloud in\u00e9gal\u00e9es d&rsquo;AWS, les entreprises peuvent r\u00e9duire les co\u00fbts de formation, am\u00e9liorer l&rsquo;efficacit\u00e9 de la main-d&rsquo;\u0153uvre et acc\u00e9l\u00e9rer leur parcours de transformation num\u00e9rique &#8211; tout en maintenant la s\u00e9curit\u00e9, l&rsquo;\u00e9volutivit\u00e9 et la conformit\u00e9 aux niveaux les plus \u00e9lev\u00e9s.<\/p>\t\t\t\t\t\t\t\t<\/div>\n\t\t\t\t<\/div>\n\t\t\t\t\t<\/div>\n\t\t\t\t<\/div>\n\t\t\t\t<\/div>\n\t\t","protected":false},"excerpt":{"rendered":"<p>Assima Propuls\u00e9 par AWS La plateforme de formation en syst\u00e8mes la plus avanc\u00e9e au monde, maintenant propuls\u00e9e par AWS. Avec des fonctions puissantes d&rsquo;\u00e9dition, de traduction, d&rsquo;anonymisation et de suivi, et gr\u00e2ce \u00e0 la technologie de clonage brevet\u00e9e 4x unique au monde, Assima, combin\u00e9e \u00e0 l&rsquo;\u00e9volutivit\u00e9 et \u00e0 la s\u00e9curit\u00e9 du nuage AWS, est dans [&hellip;]<\/p>\n","protected":false},"author":2,"featured_media":0,"parent":15889,"menu_order":0,"comment_status":"closed","ping_status":"closed","template":"","meta":{"_acf_changed":false,"footnotes":""},"class_list":["post-15898","page","type-page","status-publish","hentry"],"acf":[],"yoast_head":"<!-- This site is optimized with the Yoast SEO plugin v27.2 - https:\/\/yoast.com\/product\/yoast-seo-wordpress\/ -->\n<title>Assima Propuls\u00e9 par AWS | Assima.<\/title>\n<meta name=\"description\" content=\"D\u00e9couvrez comment Assima s&#039;appuie sur la puissance d&#039;AWS pour fournir des solutions de pointe \u00e0 votre entreprise. Am\u00e9liorez l&#039;efficacit\u00e9, l&#039;\u00e9volutivit\u00e9 et l&#039;innovation avec Assima Powered by AWS.\" \/>\n<meta name=\"robots\" content=\"index, follow, max-snippet:-1, max-image-preview:large, max-video-preview:-1\" \/>\n<link rel=\"canonical\" href=\"https:\/\/assimasolutions.com\/fr\/partenaires\/assima-propulse-par-aws\/\" \/>\n<meta property=\"og:locale\" content=\"fr_FR\" \/>\n<meta property=\"og:type\" content=\"article\" \/>\n<meta property=\"og:title\" content=\"Assima Propuls\u00e9 par AWS | Assima.\" \/>\n<meta property=\"og:description\" content=\"D\u00e9couvrez comment Assima s&#039;appuie sur la puissance d&#039;AWS pour fournir des solutions de pointe \u00e0 votre entreprise. Am\u00e9liorez l&#039;efficacit\u00e9, l&#039;\u00e9volutivit\u00e9 et l&#039;innovation avec Assima Powered by AWS.\" \/>\n<meta property=\"og:url\" content=\"https:\/\/assimasolutions.com\/fr\/partenaires\/assima-propulse-par-aws\/\" \/>\n<meta property=\"og:site_name\" content=\"Assima\" \/>\n<meta property=\"article:modified_time\" content=\"2025-12-12T01:18:20+00:00\" \/>\n<meta property=\"og:image\" content=\"https:\/\/assimasolutions.com\/wp-content\/uploads\/2025\/03\/assima-aws-300x300.png\" \/>\n<meta name=\"twitter:card\" content=\"summary_large_image\" \/>\n<meta name=\"twitter:label1\" content=\"Est. reading time\" \/>\n\t<meta name=\"twitter:data1\" content=\"1 minute\" \/>\n<!-- \/ Yoast SEO plugin. -->","yoast_head_json":{"title":"Assima Propuls\u00e9 par AWS | Assima.","description":"D\u00e9couvrez comment Assima s'appuie sur la puissance d'AWS pour fournir des solutions de pointe \u00e0 votre entreprise. Am\u00e9liorez l'efficacit\u00e9, l'\u00e9volutivit\u00e9 et l'innovation avec Assima Powered by AWS.","robots":{"index":"index","follow":"follow","max-snippet":"max-snippet:-1","max-image-preview":"max-image-preview:large","max-video-preview":"max-video-preview:-1"},"canonical":"https:\/\/assimasolutions.com\/fr\/partenaires\/assima-propulse-par-aws\/","og_locale":"fr_FR","og_type":"article","og_title":"Assima Propuls\u00e9 par AWS | Assima.","og_description":"D\u00e9couvrez comment Assima s'appuie sur la puissance d'AWS pour fournir des solutions de pointe \u00e0 votre entreprise. Am\u00e9liorez l'efficacit\u00e9, l'\u00e9volutivit\u00e9 et l'innovation avec Assima Powered by AWS.","og_url":"https:\/\/assimasolutions.com\/fr\/partenaires\/assima-propulse-par-aws\/","og_site_name":"Assima","article_modified_time":"2025-12-12T01:18:20+00:00","og_image":[{"url":"https:\/\/assimasolutions.com\/wp-content\/uploads\/2025\/03\/assima-aws-300x300.png","type":"","width":"","height":""}],"twitter_card":"summary_large_image","twitter_misc":{"Est. reading time":"1 minute"},"schema":{"@context":"https:\/\/schema.org","@graph":[{"@type":"WebPage","@id":"https:\/\/assimasolutions.com\/fr\/partenaires\/assima-propulse-par-aws\/","url":"https:\/\/assimasolutions.com\/fr\/partenaires\/assima-propulse-par-aws\/","name":"Assima Propuls\u00e9 par AWS | Assima.","isPartOf":{"@id":"https:\/\/assimasolutions.com\/fr\/#website"},"primaryImageOfPage":{"@id":"https:\/\/assimasolutions.com\/fr\/partenaires\/assima-propulse-par-aws\/#primaryimage"},"image":{"@id":"https:\/\/assimasolutions.com\/fr\/partenaires\/assima-propulse-par-aws\/#primaryimage"},"thumbnailUrl":"https:\/\/assimasolutions.com\/wp-content\/uploads\/2025\/03\/assima-aws-300x300.png","datePublished":"2025-03-20T10:41:41+00:00","dateModified":"2025-12-12T01:18:20+00:00","description":"D\u00e9couvrez comment Assima s'appuie sur la puissance d'AWS pour fournir des solutions de pointe \u00e0 votre entreprise. Am\u00e9liorez l'efficacit\u00e9, l'\u00e9volutivit\u00e9 et l'innovation avec Assima Powered by AWS.","breadcrumb":{"@id":"https:\/\/assimasolutions.com\/fr\/partenaires\/assima-propulse-par-aws\/#breadcrumb"},"inLanguage":"fr-FR","potentialAction":[{"@type":"ReadAction","target":["https:\/\/assimasolutions.com\/fr\/partenaires\/assima-propulse-par-aws\/"]}]},{"@type":"ImageObject","inLanguage":"fr-FR","@id":"https:\/\/assimasolutions.com\/fr\/partenaires\/assima-propulse-par-aws\/#primaryimage","url":"https:\/\/assimasolutions.com\/wp-content\/uploads\/2025\/03\/assima-aws-300x300.png","contentUrl":"https:\/\/assimasolutions.com\/wp-content\/uploads\/2025\/03\/assima-aws-300x300.png"},{"@type":"BreadcrumbList","@id":"https:\/\/assimasolutions.com\/fr\/partenaires\/assima-propulse-par-aws\/#breadcrumb","itemListElement":[{"@type":"ListItem","position":1,"name":"Home","item":"https:\/\/assimasolutions.com\/fr\/"},{"@type":"ListItem","position":2,"name":"Partenaires","item":"https:\/\/assimasolutions.com\/fr\/partenaires\/"},{"@type":"ListItem","position":3,"name":"Assima Propuls\u00e9 par AWS"}]},{"@type":"WebSite","@id":"https:\/\/assimasolutions.com\/fr\/#website","url":"https:\/\/assimasolutions.com\/fr\/","name":"Assima","description":"","publisher":{"@id":"https:\/\/assimasolutions.com\/fr\/#organization"},"potentialAction":[{"@type":"SearchAction","target":{"@type":"EntryPoint","urlTemplate":"https:\/\/assimasolutions.com\/fr\/?s={search_term_string}"},"query-input":{"@type":"PropertyValueSpecification","valueRequired":true,"valueName":"search_term_string"}}],"inLanguage":"fr-FR"},{"@type":"Organization","@id":"https:\/\/assimasolutions.com\/fr\/#organization","name":"Assima","url":"https:\/\/assimasolutions.com\/fr\/","logo":{"@type":"ImageObject","inLanguage":"fr-FR","@id":"https:\/\/assimasolutions.com\/fr\/#\/schema\/logo\/image\/","url":"https:\/\/assimasolutions.com\/wp-content\/uploads\/2023\/12\/logo-1.webp","contentUrl":"https:\/\/assimasolutions.com\/wp-content\/uploads\/2023\/12\/logo-1.webp","width":159,"height":36,"caption":"Assima"},"image":{"@id":"https:\/\/assimasolutions.com\/fr\/#\/schema\/logo\/image\/"}}]}},"_links":{"self":[{"href":"https:\/\/assimasolutions.com\/fr\/wp-json\/wp\/v2\/pages\/15898","targetHints":{"allow":["GET"]}}],"collection":[{"href":"https:\/\/assimasolutions.com\/fr\/wp-json\/wp\/v2\/pages"}],"about":[{"href":"https:\/\/assimasolutions.com\/fr\/wp-json\/wp\/v2\/types\/page"}],"author":[{"embeddable":true,"href":"https:\/\/assimasolutions.com\/fr\/wp-json\/wp\/v2\/users\/2"}],"replies":[{"embeddable":true,"href":"https:\/\/assimasolutions.com\/fr\/wp-json\/wp\/v2\/comments?post=15898"}],"version-history":[{"count":0,"href":"https:\/\/assimasolutions.com\/fr\/wp-json\/wp\/v2\/pages\/15898\/revisions"}],"up":[{"embeddable":true,"href":"https:\/\/assimasolutions.com\/fr\/wp-json\/wp\/v2\/pages\/15889"}],"wp:attachment":[{"href":"https:\/\/assimasolutions.com\/fr\/wp-json\/wp\/v2\/media?parent=15898"}],"curies":[{"name":"wp","href":"https:\/\/api.w.org\/{rel}","templated":true}]}}