{"id":15896,"date":"2025-06-20T13:58:40","date_gmt":"2025-06-20T12:58:40","guid":{"rendered":"https:\/\/assima2022.wpengine.com\/page-des-partenaires-informatiques-resultants\/"},"modified":"2025-12-12T01:18:21","modified_gmt":"2025-12-12T01:18:21","slug":"page-des-partenaires-informatiques-resultants","status":"publish","type":"page","link":"https:\/\/assimasolutions.com\/fr\/page-des-partenaires-informatiques-resultants\/","title":{"rendered":"Page des partenaires informatiques r\u00e9sultants"},"content":{"rendered":"\t\t<div data-elementor-type=\"wp-page\" data-elementor-id=\"15896\" class=\"elementor elementor-15896 elementor-11966\" data-elementor-settings=\"{&quot;ha_cmc_init_switcher&quot;:&quot;no&quot;}\" data-elementor-post-type=\"page\">\n\t\t\t\t<div class=\"elementor-element elementor-element-381f656 e-flex e-con-boxed e-con e-parent\" data-id=\"381f656\" data-element_type=\"container\" data-settings=\"{&quot;background_background&quot;:&quot;classic&quot;,&quot;_ha_eqh_enable&quot;:false}\">\n\t\t\t\t\t<div class=\"e-con-inner\">\n\t\t\t\t<div class=\"elementor-element elementor-element-58860e5 elementor-widget elementor-widget-image\" data-id=\"58860e5\" data-element_type=\"widget\" data-widget_type=\"image.default\">\n\t\t\t\t<div class=\"elementor-widget-container\">\n\t\t\t\t\t\t\t\t\t\t\t\t\t\t\t<img decoding=\"async\" src=\"https:\/\/assimasolutions.com\/wp-content\/uploads\/elementor\/thumbs\/image-5-r7q3q42ibbyygknrln0p9twi0g1uzsurxkiwo8vney.png\" title=\"image-5\" alt=\"Resulting IT\" loading=\"lazy\" \/>\t\t\t\t\t\t\t\t\t\t\t\t\t\t\t<\/div>\n\t\t\t\t<\/div>\n\t\t\t\t\t<\/div>\n\t\t\t\t<\/div>\n\t\t<div class=\"elementor-element elementor-element-3f68335 e-flex e-con-boxed e-con e-parent\" data-id=\"3f68335\" data-element_type=\"container\" data-settings=\"{&quot;_ha_eqh_enable&quot;:false}\">\n\t\t\t\t\t<div class=\"e-con-inner\">\n\t\t\t\t<div class=\"elementor-element elementor-element-215ea19 heading-assima-grad elementor-widget elementor-widget-heading\" data-id=\"215ea19\" data-element_type=\"widget\" data-widget_type=\"heading.default\">\n\t\t\t\t<div class=\"elementor-widget-container\">\n\t\t\t\t\t<h2 class=\"elementor-heading-title elementor-size-default\">Conseil ind\u00e9pendant en mati\u00e8re de SAP<\/h2>\t\t\t\t<\/div>\n\t\t\t\t<\/div>\n\t\t\t\t<div class=\"elementor-element elementor-element-3cf9375 elementor-widget elementor-widget-text-editor\" data-id=\"3cf9375\" data-element_type=\"widget\" data-widget_type=\"text-editor.default\">\n\t\t\t\t<div class=\"elementor-widget-container\">\n\t\t\t\t\t\t\t\t\tResulting IT est une soci\u00e9t\u00e9 de conseil sp\u00e9cialis\u00e9e dans les relations avec les clients, bas\u00e9e \u00e0 Warrington, au Royaume-Uni. Avec plus de 20 ans d&rsquo;exp\u00e9rience, l&rsquo;organisation se concentre sur la protection des int\u00e9r\u00eats des clients lors des missions avec les int\u00e9grateurs de syst\u00e8mes et les fournisseurs de logiciels. Gr\u00e2ce \u00e0 des services de conseil sp\u00e9cialis\u00e9s et \u00e0 des prestations pratiques, Resulting IT garantit des r\u00e9sultats optimaux \u00e0 ses clients. R\u00e9cemment soutenue par des fonds propres, l&rsquo;entreprise se d\u00e9veloppe rapidement au Royaume-Uni, en Europe et aux \u00c9tats-Unis.   \t\t\t\t\t\t\t\t<\/div>\n\t\t\t\t<\/div>\n\t\t<div class=\"elementor-element elementor-element-04e01f7 e-con-full e-flex e-con e-child\" data-id=\"04e01f7\" data-element_type=\"container\" data-settings=\"{&quot;_ha_eqh_enable&quot;:false}\">\n\t\t<div data-ha-element-link=\"{&quot;url&quot;:&quot;https:\\\/\\\/assimasolutions.com\\\/resources\\\/webinars\\\/sap-s\\\/4hana-adoption-lifecycle-management\\\/&quot;,&quot;is_external&quot;:&quot;&quot;,&quot;nofollow&quot;:&quot;&quot;}\" style=\"cursor: pointer\" class=\"elementor-element elementor-element-119a232 e-con-full e-flex e-con e-child\" data-id=\"119a232\" data-element_type=\"container\" data-settings=\"{&quot;background_background&quot;:&quot;classic&quot;,&quot;_ha_eqh_enable&quot;:false}\">\n\t\t\t\t<\/div>\n\t\t<div class=\"elementor-element elementor-element-e98ab4d e-con-full e-flex e-con e-child\" data-id=\"e98ab4d\" data-element_type=\"container\" data-settings=\"{&quot;background_background&quot;:&quot;classic&quot;,&quot;_ha_eqh_enable&quot;:false}\">\n\t\t\t\t<div class=\"elementor-element elementor-element-fd2d2d2 elementor-widget elementor-widget-image\" data-id=\"fd2d2d2\" data-element_type=\"widget\" data-widget_type=\"image.default\">\n\t\t\t\t<div class=\"elementor-widget-container\">\n\t\t\t\t\t\t\t\t\t\t\t\t\t\t\t<img decoding=\"async\" width=\"83\" height=\"74\" src=\"https:\/\/assimasolutions.com\/wp-content\/uploads\/2025\/06\/stars-1.png\" class=\"attachment-thumbnail size-thumbnail wp-image-15074\" alt=\"Star sprite\" \/>\t\t\t\t\t\t\t\t\t\t\t\t\t\t\t<\/div>\n\t\t\t\t<\/div>\n\t\t\t\t<div class=\"elementor-element elementor-element-50a5cbf elementor-widget elementor-widget-text-editor\" data-id=\"50a5cbf\" data-element_type=\"widget\" data-widget_type=\"text-editor.default\">\n\t\t\t\t<div class=\"elementor-widget-container\">\n\t\t\t\t\t\t\t\t\t<p>Simon Davies s&rsquo;est r\u00e9cemment exprim\u00e9 lors de la conf\u00e9rence Learning Technologies sur la gestion du cycle de vie de l&rsquo;adoption. Il a expliqu\u00e9 que vous pouvez g\u00e9n\u00e9rer de la valeur ajout\u00e9e en g\u00e9rant l&rsquo;adoption tout au long du cycle de vie d&rsquo;un programme SAP S\/4HANA.<\/p><p>Au cours de la pr\u00e9sentation, Simon a abord\u00e9 les 7 p\u00e9ch\u00e9s de l&rsquo;adoption de SAP, un sujet abord\u00e9 apr\u00e8s que Resulting-IT ait command\u00e9 une enqu\u00eate aupr\u00e8s de 100 entreprises ayant particip\u00e9 \u00e0 un programme de mise en \u0153uvre de SAP. Il en est ressorti que les m\u00eames d\u00e9fis se retrouvaient dans tous les projets. <\/p>\t\t\t\t\t\t\t\t<\/div>\n\t\t\t\t<\/div>\n\t\t\t\t<\/div>\n\t\t\t\t<\/div>\n\t\t\t\t\t<\/div>\n\t\t\t\t<\/div>\n\t\t<div class=\"elementor-element elementor-element-e709a6e assima-bg-grad2 e-flex e-con-boxed e-con e-parent\" data-id=\"e709a6e\" data-element_type=\"container\" data-settings=\"{&quot;background_background&quot;:&quot;gradient&quot;,&quot;_ha_eqh_enable&quot;:false}\">\n\t\t\t\t\t<div class=\"e-con-inner\">\n\t\t<div class=\"elementor-element elementor-element-17e2de5 e-con-full e-flex e-con e-child\" data-id=\"17e2de5\" data-element_type=\"container\" data-settings=\"{&quot;_ha_eqh_enable&quot;:false}\">\n\t\t\t\t<div class=\"elementor-element elementor-element-00479b8 elementor-widget elementor-widget-text-editor\" data-id=\"00479b8\" data-element_type=\"widget\" data-widget_type=\"text-editor.default\">\n\t\t\t\t<div class=\"elementor-widget-container\">\n\t\t\t\t\t\t\t\t\t<p>Si vous souhaitez en savoir plus sur ces 7 p\u00e9ch\u00e9s, un e-book est disponible sur le site de Resulting-IT ici : <a class=\"hover-white\" href=\"https:\/\/www.resulting-it.com\/sap-adoption-change-management-training\">Guide d&rsquo;adoption, de formation et de gestion du changement SAP <\/a> <\/p>\t\t\t\t\t\t\t\t<\/div>\n\t\t\t\t<\/div>\n\t\t\t\t<\/div>\n\t\t\t\t\t<\/div>\n\t\t\t\t<\/div>\n\t\t<div class=\"elementor-element elementor-element-cbc4b4e e-flex e-con-boxed e-con e-parent\" data-id=\"cbc4b4e\" data-element_type=\"container\" data-settings=\"{&quot;_ha_eqh_enable&quot;:false}\">\n\t\t\t\t\t<div class=\"e-con-inner\">\n\t\t<div class=\"elementor-element elementor-element-3d8f3a5 e-con-full e-flex e-con e-child\" data-id=\"3d8f3a5\" data-element_type=\"container\" data-settings=\"{&quot;background_background&quot;:&quot;classic&quot;,&quot;_ha_eqh_enable&quot;:false}\">\n\t\t\t\t<div class=\"elementor-element elementor-element-af0cf49 elementor-widget elementor-widget-image\" data-id=\"af0cf49\" data-element_type=\"widget\" data-widget_type=\"image.default\">\n\t\t\t\t<div class=\"elementor-widget-container\">\n\t\t\t\t\t\t\t\t\t\t\t\t\t\t\t<img decoding=\"async\" width=\"83\" height=\"74\" src=\"https:\/\/assimasolutions.com\/wp-content\/uploads\/2025\/06\/stars-1.png\" class=\"attachment-thumbnail size-thumbnail wp-image-15074\" alt=\"Star sprite\" \/>\t\t\t\t\t\t\t\t\t\t\t\t\t\t\t<\/div>\n\t\t\t\t<\/div>\n\t\t\t\t<div class=\"elementor-element elementor-element-ca468ab elementor-widget elementor-widget-text-editor\" data-id=\"ca468ab\" data-element_type=\"widget\" data-widget_type=\"text-editor.default\">\n\t\t\t\t<div class=\"elementor-widget-container\">\n\t\t\t\t\t\t\t\t\t<p>Resulting-IT et Assima ont travaill\u00e9 sur de nombreux projets pour aider \u00e0 l&rsquo;engagement des employ\u00e9s et \u00e0 l&rsquo;adoption de SAP, gr\u00e2ce \u00e0 une richesse de connaissances et d&rsquo;exp\u00e9riences.<\/p><p>Si vous souhaitez prendre contact avec Resulting-IT pour savoir comment ils peuvent vous aider dans votre projet SAP \u00e0 venir, contactez-nous via les liens ci-dessous.<\/p>\t\t\t\t\t\t\t\t<\/div>\n\t\t\t\t<\/div>\n\t\t<div class=\"elementor-element elementor-element-5601d5a e-con-full e-flex e-con e-child\" data-id=\"5601d5a\" data-element_type=\"container\" data-settings=\"{&quot;_ha_eqh_enable&quot;:false}\">\n\t\t\t\t<div data-ha-element-link=\"{&quot;url&quot;:&quot;https:\\\/\\\/www.resulting-it.com\\\/&quot;,&quot;is_external&quot;:&quot;on&quot;,&quot;nofollow&quot;:&quot;on&quot;}\" style=\"cursor: pointer\" class=\"elementor-element elementor-element-2c66f0f premium-wrapper-link-yes elementor-widget elementor-widget-image\" data-id=\"2c66f0f\" data-element_type=\"widget\" data-widget_type=\"image.default\">\n\t\t\t\t<div class=\"elementor-widget-container\">\n\t\t\t\t\t\t\t\t\t\t\t\t\t\t\t<img decoding=\"async\" width=\"50\" height=\"50\" src=\"https:\/\/assimasolutions.com\/wp-content\/uploads\/2025\/06\/website-1.svg\" class=\"attachment-large size-large wp-image-15062\" alt=\"Website\" \/>\t\t\t\t\t\t\t\t\t\t\t\t\t\t\t<\/div>\n\t\t\t\t<\/div>\n\t\t\t\t<div data-ha-element-link=\"{&quot;url&quot;:&quot;https:\\\/\\\/www.linkedin.com\\\/company\\\/resulting-ltd\\\/&quot;,&quot;is_external&quot;:&quot;on&quot;,&quot;nofollow&quot;:&quot;on&quot;}\" style=\"cursor: pointer\" class=\"elementor-element elementor-element-ff83faf elementor-widget elementor-widget-image\" data-id=\"ff83faf\" data-element_type=\"widget\" data-widget_type=\"image.default\">\n\t\t\t\t<div class=\"elementor-widget-container\">\n\t\t\t\t\t\t\t\t\t\t\t\t\t\t\t<img decoding=\"async\" width=\"50\" height=\"50\" src=\"https:\/\/assimasolutions.com\/wp-content\/uploads\/2025\/06\/linkedin-4.svg\" class=\"attachment-large size-large wp-image-15064\" alt=\"Linkedin\" \/>\t\t\t\t\t\t\t\t\t\t\t\t\t\t\t<\/div>\n\t\t\t\t<\/div>\n\t\t\t\t<\/div>\n\t\t\t\t<\/div>\n\t\t<div class=\"elementor-element elementor-element-97d5aeb e-con-full e-flex e-con e-child\" data-id=\"97d5aeb\" data-element_type=\"container\" data-settings=\"{&quot;_ha_eqh_enable&quot;:false}\">\n\t\t\t\t<div class=\"elementor-element elementor-element-d96c822 elementor-widget elementor-widget-image\" data-id=\"d96c822\" data-element_type=\"widget\" data-widget_type=\"image.default\">\n\t\t\t\t<div class=\"elementor-widget-container\">\n\t\t\t\t\t\t\t\t\t\t\t\t\t\t\t<img loading=\"lazy\" decoding=\"async\" width=\"669\" height=\"505\" src=\"https:\/\/assimasolutions.com\/wp-content\/uploads\/2025\/06\/resulting-it-assima-partnership-1.png\" class=\"attachment-large size-large wp-image-15080\" alt=\"Resulting IT and Assima\" srcset=\"https:\/\/assimasolutions.com\/wp-content\/uploads\/2025\/06\/resulting-it-assima-partnership-1.png 669w, https:\/\/assimasolutions.com\/wp-content\/uploads\/2025\/06\/resulting-it-assima-partnership-1-300x226.png 300w, https:\/\/assimasolutions.com\/wp-content\/uploads\/2025\/06\/resulting-it-assima-partnership-1-150x113.png 150w\" sizes=\"(max-width: 669px) 100vw, 669px\" \/>\t\t\t\t\t\t\t\t\t\t\t\t\t\t\t<\/div>\n\t\t\t\t<\/div>\n\t\t\t\t<\/div>\n\t\t\t\t\t<\/div>\n\t\t\t\t<\/div>\n\t\t\t\t<\/div>\n\t\t","protected":false},"excerpt":{"rendered":"<p>Conseil ind\u00e9pendant en mati\u00e8re de SAP Resulting IT est une soci\u00e9t\u00e9 de conseil sp\u00e9cialis\u00e9e dans les relations avec les clients, bas\u00e9e \u00e0 Warrington, au Royaume-Uni. Avec plus de 20 ans d&rsquo;exp\u00e9rience, l&rsquo;organisation se concentre sur la protection des int\u00e9r\u00eats des clients lors des missions avec les int\u00e9grateurs de syst\u00e8mes et les fournisseurs de logiciels. Gr\u00e2ce [&hellip;]<\/p>\n","protected":false},"author":9,"featured_media":0,"parent":0,"menu_order":0,"comment_status":"closed","ping_status":"closed","template":"","meta":{"_acf_changed":false,"footnotes":""},"class_list":["post-15896","page","type-page","status-publish","hentry"],"acf":[],"yoast_head":"<!-- This site is optimized with the Yoast SEO plugin v27.2 - https:\/\/yoast.com\/product\/yoast-seo-wordpress\/ -->\n<title>Resulting-IT | SAP Consultancy for Adoption Success | Assima<\/title>\n<meta name=\"description\" content=\"D\u00e9couvrez comment Resulting-IT et Assima aident \u00e0 stimuler l&#039;adoption de SAP gr\u00e2ce \u00e0 des strat\u00e9gies \u00e9prouv\u00e9es, des avis d&#039;experts et des prestations pratiques pour vos projets SAP.\" \/>\n<meta name=\"robots\" content=\"index, follow, max-snippet:-1, max-image-preview:large, max-video-preview:-1\" \/>\n<link rel=\"canonical\" href=\"https:\/\/assimasolutions.com\/fr\/page-des-partenaires-informatiques-resultants\/\" \/>\n<meta property=\"og:locale\" content=\"fr_FR\" \/>\n<meta property=\"og:type\" content=\"article\" \/>\n<meta property=\"og:title\" content=\"Resulting-IT | SAP Consultancy for Adoption Success | Assima\" \/>\n<meta property=\"og:description\" content=\"D\u00e9couvrez comment Resulting-IT et Assima aident \u00e0 stimuler l&#039;adoption de SAP gr\u00e2ce \u00e0 des strat\u00e9gies \u00e9prouv\u00e9es, des avis d&#039;experts et des prestations pratiques pour vos projets SAP.\" \/>\n<meta property=\"og:url\" content=\"https:\/\/assimasolutions.com\/fr\/page-des-partenaires-informatiques-resultants\/\" \/>\n<meta property=\"og:site_name\" content=\"Assima\" \/>\n<meta property=\"article:modified_time\" content=\"2025-12-12T01:18:21+00:00\" \/>\n<meta property=\"og:image\" content=\"https:\/\/assimasolutions.com\/wp-content\/uploads\/elementor\/thumbs\/image-5-r8uavwts2jxhdvp81p6o9mrt56mrsqi6dqe328ybt6.png\" \/>\n<meta name=\"twitter:card\" content=\"summary_large_image\" \/>\n<meta name=\"twitter:label1\" content=\"Est. reading time\" \/>\n\t<meta name=\"twitter:data1\" content=\"1 minute\" \/>\n<script type=\"application\/ld+json\" class=\"yoast-schema-graph\">{\"@context\":\"https:\/\/schema.org\",\"@graph\":[{\"@type\":\"WebPage\",\"@id\":\"https:\/\/assimasolutions.com\/fr\/page-des-partenaires-informatiques-resultants\/\",\"url\":\"https:\/\/assimasolutions.com\/fr\/page-des-partenaires-informatiques-resultants\/\",\"name\":\"Resulting-IT | SAP Consultancy for Adoption Success | Assima\",\"isPartOf\":{\"@id\":\"https:\/\/assimasolutions.com\/fr\/#website\"},\"primaryImageOfPage\":{\"@id\":\"https:\/\/assimasolutions.com\/fr\/page-des-partenaires-informatiques-resultants\/#primaryimage\"},\"image\":{\"@id\":\"https:\/\/assimasolutions.com\/fr\/page-des-partenaires-informatiques-resultants\/#primaryimage\"},\"thumbnailUrl\":\"https:\/\/assimasolutions.com\/wp-content\/uploads\/elementor\/thumbs\/image-5-r8uavwts2jxhdvp81p6o9mrt56mrsqi6dqe328ybt6.png\",\"datePublished\":\"2025-06-20T12:58:40+00:00\",\"dateModified\":\"2025-12-12T01:18:21+00:00\",\"description\":\"D\u00e9couvrez comment Resulting-IT et Assima aident \u00e0 stimuler l'adoption de SAP gr\u00e2ce \u00e0 des strat\u00e9gies \u00e9prouv\u00e9es, des avis d'experts et des prestations pratiques pour vos projets SAP.\",\"breadcrumb\":{\"@id\":\"https:\/\/assimasolutions.com\/fr\/page-des-partenaires-informatiques-resultants\/#breadcrumb\"},\"inLanguage\":\"fr-FR\",\"potentialAction\":[{\"@type\":\"ReadAction\",\"target\":[\"https:\/\/assimasolutions.com\/fr\/page-des-partenaires-informatiques-resultants\/\"]}]},{\"@type\":\"ImageObject\",\"inLanguage\":\"fr-FR\",\"@id\":\"https:\/\/assimasolutions.com\/fr\/page-des-partenaires-informatiques-resultants\/#primaryimage\",\"url\":\"https:\/\/assimasolutions.com\/wp-content\/uploads\/elementor\/thumbs\/image-5-r8uavwts2jxhdvp81p6o9mrt56mrsqi6dqe328ybt6.png\",\"contentUrl\":\"https:\/\/assimasolutions.com\/wp-content\/uploads\/elementor\/thumbs\/image-5-r8uavwts2jxhdvp81p6o9mrt56mrsqi6dqe328ybt6.png\"},{\"@type\":\"BreadcrumbList\",\"@id\":\"https:\/\/assimasolutions.com\/fr\/page-des-partenaires-informatiques-resultants\/#breadcrumb\",\"itemListElement\":[{\"@type\":\"ListItem\",\"position\":1,\"name\":\"Home\",\"item\":\"https:\/\/assimasolutions.com\/fr\/\"},{\"@type\":\"ListItem\",\"position\":2,\"name\":\"Page des partenaires informatiques r\u00e9sultants\"}]},{\"@type\":\"WebSite\",\"@id\":\"https:\/\/assimasolutions.com\/fr\/#website\",\"url\":\"https:\/\/assimasolutions.com\/fr\/\",\"name\":\"Assima\",\"description\":\"\",\"publisher\":{\"@id\":\"https:\/\/assimasolutions.com\/fr\/#organization\"},\"potentialAction\":[{\"@type\":\"SearchAction\",\"target\":{\"@type\":\"EntryPoint\",\"urlTemplate\":\"https:\/\/assimasolutions.com\/fr\/?s={search_term_string}\"},\"query-input\":{\"@type\":\"PropertyValueSpecification\",\"valueRequired\":true,\"valueName\":\"search_term_string\"}}],\"inLanguage\":\"fr-FR\"},{\"@type\":\"Organization\",\"@id\":\"https:\/\/assimasolutions.com\/fr\/#organization\",\"name\":\"Assima\",\"url\":\"https:\/\/assimasolutions.com\/fr\/\",\"logo\":{\"@type\":\"ImageObject\",\"inLanguage\":\"fr-FR\",\"@id\":\"https:\/\/assimasolutions.com\/fr\/#\/schema\/logo\/image\/\",\"url\":\"https:\/\/assimasolutions.com\/wp-content\/uploads\/2023\/12\/logo-1.webp\",\"contentUrl\":\"https:\/\/assimasolutions.com\/wp-content\/uploads\/2023\/12\/logo-1.webp\",\"width\":159,\"height\":36,\"caption\":\"Assima\"},\"image\":{\"@id\":\"https:\/\/assimasolutions.com\/fr\/#\/schema\/logo\/image\/\"}}]}<\/script>\n<!-- \/ Yoast SEO plugin. -->","yoast_head_json":{"title":"Resulting-IT | SAP Consultancy for Adoption Success | Assima","description":"D\u00e9couvrez comment Resulting-IT et Assima aident \u00e0 stimuler l'adoption de SAP gr\u00e2ce \u00e0 des strat\u00e9gies \u00e9prouv\u00e9es, des avis d'experts et des prestations pratiques pour vos projets SAP.","robots":{"index":"index","follow":"follow","max-snippet":"max-snippet:-1","max-image-preview":"max-image-preview:large","max-video-preview":"max-video-preview:-1"},"canonical":"https:\/\/assimasolutions.com\/fr\/page-des-partenaires-informatiques-resultants\/","og_locale":"fr_FR","og_type":"article","og_title":"Resulting-IT | SAP Consultancy for Adoption Success | Assima","og_description":"D\u00e9couvrez comment Resulting-IT et Assima aident \u00e0 stimuler l'adoption de SAP gr\u00e2ce \u00e0 des strat\u00e9gies \u00e9prouv\u00e9es, des avis d'experts et des prestations pratiques pour vos projets SAP.","og_url":"https:\/\/assimasolutions.com\/fr\/page-des-partenaires-informatiques-resultants\/","og_site_name":"Assima","article_modified_time":"2025-12-12T01:18:21+00:00","og_image":[{"url":"https:\/\/assimasolutions.com\/wp-content\/uploads\/elementor\/thumbs\/image-5-r8uavwts2jxhdvp81p6o9mrt56mrsqi6dqe328ybt6.png","type":"","width":"","height":""}],"twitter_card":"summary_large_image","twitter_misc":{"Est. reading time":"1 minute"},"schema":{"@context":"https:\/\/schema.org","@graph":[{"@type":"WebPage","@id":"https:\/\/assimasolutions.com\/fr\/page-des-partenaires-informatiques-resultants\/","url":"https:\/\/assimasolutions.com\/fr\/page-des-partenaires-informatiques-resultants\/","name":"Resulting-IT | SAP Consultancy for Adoption Success | Assima","isPartOf":{"@id":"https:\/\/assimasolutions.com\/fr\/#website"},"primaryImageOfPage":{"@id":"https:\/\/assimasolutions.com\/fr\/page-des-partenaires-informatiques-resultants\/#primaryimage"},"image":{"@id":"https:\/\/assimasolutions.com\/fr\/page-des-partenaires-informatiques-resultants\/#primaryimage"},"thumbnailUrl":"https:\/\/assimasolutions.com\/wp-content\/uploads\/elementor\/thumbs\/image-5-r8uavwts2jxhdvp81p6o9mrt56mrsqi6dqe328ybt6.png","datePublished":"2025-06-20T12:58:40+00:00","dateModified":"2025-12-12T01:18:21+00:00","description":"D\u00e9couvrez comment Resulting-IT et Assima aident \u00e0 stimuler l'adoption de SAP gr\u00e2ce \u00e0 des strat\u00e9gies \u00e9prouv\u00e9es, des avis d'experts et des prestations pratiques pour vos projets SAP.","breadcrumb":{"@id":"https:\/\/assimasolutions.com\/fr\/page-des-partenaires-informatiques-resultants\/#breadcrumb"},"inLanguage":"fr-FR","potentialAction":[{"@type":"ReadAction","target":["https:\/\/assimasolutions.com\/fr\/page-des-partenaires-informatiques-resultants\/"]}]},{"@type":"ImageObject","inLanguage":"fr-FR","@id":"https:\/\/assimasolutions.com\/fr\/page-des-partenaires-informatiques-resultants\/#primaryimage","url":"https:\/\/assimasolutions.com\/wp-content\/uploads\/elementor\/thumbs\/image-5-r8uavwts2jxhdvp81p6o9mrt56mrsqi6dqe328ybt6.png","contentUrl":"https:\/\/assimasolutions.com\/wp-content\/uploads\/elementor\/thumbs\/image-5-r8uavwts2jxhdvp81p6o9mrt56mrsqi6dqe328ybt6.png"},{"@type":"BreadcrumbList","@id":"https:\/\/assimasolutions.com\/fr\/page-des-partenaires-informatiques-resultants\/#breadcrumb","itemListElement":[{"@type":"ListItem","position":1,"name":"Home","item":"https:\/\/assimasolutions.com\/fr\/"},{"@type":"ListItem","position":2,"name":"Page des partenaires informatiques r\u00e9sultants"}]},{"@type":"WebSite","@id":"https:\/\/assimasolutions.com\/fr\/#website","url":"https:\/\/assimasolutions.com\/fr\/","name":"Assima","description":"","publisher":{"@id":"https:\/\/assimasolutions.com\/fr\/#organization"},"potentialAction":[{"@type":"SearchAction","target":{"@type":"EntryPoint","urlTemplate":"https:\/\/assimasolutions.com\/fr\/?s={search_term_string}"},"query-input":{"@type":"PropertyValueSpecification","valueRequired":true,"valueName":"search_term_string"}}],"inLanguage":"fr-FR"},{"@type":"Organization","@id":"https:\/\/assimasolutions.com\/fr\/#organization","name":"Assima","url":"https:\/\/assimasolutions.com\/fr\/","logo":{"@type":"ImageObject","inLanguage":"fr-FR","@id":"https:\/\/assimasolutions.com\/fr\/#\/schema\/logo\/image\/","url":"https:\/\/assimasolutions.com\/wp-content\/uploads\/2023\/12\/logo-1.webp","contentUrl":"https:\/\/assimasolutions.com\/wp-content\/uploads\/2023\/12\/logo-1.webp","width":159,"height":36,"caption":"Assima"},"image":{"@id":"https:\/\/assimasolutions.com\/fr\/#\/schema\/logo\/image\/"}}]}},"_links":{"self":[{"href":"https:\/\/assimasolutions.com\/fr\/wp-json\/wp\/v2\/pages\/15896","targetHints":{"allow":["GET"]}}],"collection":[{"href":"https:\/\/assimasolutions.com\/fr\/wp-json\/wp\/v2\/pages"}],"about":[{"href":"https:\/\/assimasolutions.com\/fr\/wp-json\/wp\/v2\/types\/page"}],"author":[{"embeddable":true,"href":"https:\/\/assimasolutions.com\/fr\/wp-json\/wp\/v2\/users\/9"}],"replies":[{"embeddable":true,"href":"https:\/\/assimasolutions.com\/fr\/wp-json\/wp\/v2\/comments?post=15896"}],"version-history":[{"count":0,"href":"https:\/\/assimasolutions.com\/fr\/wp-json\/wp\/v2\/pages\/15896\/revisions"}],"wp:attachment":[{"href":"https:\/\/assimasolutions.com\/fr\/wp-json\/wp\/v2\/media?parent=15896"}],"curies":[{"name":"wp","href":"https:\/\/api.w.org\/{rel}","templated":true}]}}