{"id":15505,"date":"2024-01-29T07:08:18","date_gmt":"2024-01-29T07:08:18","guid":{"rendered":"https:\/\/assima2022.wpengine.com\/devenez-partenaire-dassima\/"},"modified":"2025-12-12T01:18:07","modified_gmt":"2025-12-12T01:18:07","slug":"devenez-partenaire-dassima","status":"publish","type":"page","link":"https:\/\/assimasolutions.com\/fr\/partenaires\/devenez-partenaire-dassima\/","title":{"rendered":"Devenez partenaire d&rsquo;Assima"},"content":{"rendered":"\t\t<div data-elementor-type=\"wp-page\" data-elementor-id=\"15505\" class=\"elementor elementor-15505 elementor-4571\" data-elementor-settings=\"{&quot;ha_cmc_init_switcher&quot;:&quot;no&quot;}\" data-elementor-post-type=\"page\">\n\t\t\t\t<div class=\"elementor-element elementor-element-f103787 e-flex e-con-boxed e-con e-parent\" data-id=\"f103787\" data-element_type=\"container\" data-settings=\"{&quot;background_background&quot;:&quot;classic&quot;,&quot;_ha_eqh_enable&quot;:false}\">\n\t\t\t\t\t<div class=\"e-con-inner\">\n\t\t<div class=\"elementor-element elementor-element-21d0df9 e-flex e-con-boxed e-con e-child\" data-id=\"21d0df9\" data-element_type=\"container\" data-settings=\"{&quot;_ha_eqh_enable&quot;:false}\">\n\t\t\t\t\t<div class=\"e-con-inner\">\n\t\t\t\t<div class=\"elementor-element elementor-element-dfdd1c1 elementor-widget elementor-widget-theme-site-logo elementor-widget-image\" data-id=\"dfdd1c1\" data-element_type=\"widget\" data-widget_type=\"theme-site-logo.default\">\n\t\t\t\t<div class=\"elementor-widget-container\">\n\t\t\t\t\t\t\t\t\t\t\t<a href=\"https:\/\/assimasolutions.com\/fr\/\">\n\t\t\t<img decoding=\"async\" width=\"159\" height=\"36\" src=\"https:\/\/assimasolutions.com\/wp-content\/uploads\/2023\/12\/logo-1.webp\" class=\"attachment-full size-full wp-image-12938\" alt=\"\" \/>\t\t\t\t<\/a>\n\t\t\t\t\t\t\t\t\t\t\t<\/div>\n\t\t\t\t<\/div>\n\t\t\t\t\t<\/div>\n\t\t\t\t<\/div>\n\t\t<div class=\"elementor-element elementor-element-ce5d066 e-flex e-con-boxed e-con e-child\" data-id=\"ce5d066\" data-element_type=\"container\" data-settings=\"{&quot;background_background&quot;:&quot;classic&quot;,&quot;_ha_eqh_enable&quot;:false}\">\n\t\t\t\t\t<div class=\"e-con-inner\">\n\t\t<div class=\"elementor-element elementor-element-371db84 e-flex e-con-boxed e-con e-child\" data-id=\"371db84\" data-element_type=\"container\" data-settings=\"{&quot;background_background&quot;:&quot;classic&quot;,&quot;_ha_eqh_enable&quot;:false}\">\n\t\t\t\t\t<div class=\"e-con-inner\">\n\t\t\t\t<div class=\"elementor-element elementor-element-3003459 elementor-widget elementor-widget-heading\" data-id=\"3003459\" data-element_type=\"widget\" data-widget_type=\"heading.default\">\n\t\t\t\t<div class=\"elementor-widget-container\">\n\t\t\t\t\t<h1 class=\"elementor-heading-title elementor-size-default\">Devenez partenaire d'Assima<\/h1>\t\t\t\t<\/div>\n\t\t\t\t<\/div>\n\t\t\t\t<div class=\"elementor-element elementor-element-0172ac0 elementor-widget__width-initial elementor-widget elementor-widget-text-editor\" data-id=\"0172ac0\" data-element_type=\"widget\" data-widget_type=\"text-editor.default\">\n\t\t\t\t<div class=\"elementor-widget-container\">\n\t\t\t\t\t\t\t\t\t<p><span data-contrast=\"auto\">Des partenariats solides sont la base d&rsquo;un succ\u00e8s mutuel. Joignez-vous \u00e0 nous et offrez \u00e0 vos clients des modules de formation hyper-stimul\u00e9s. <\/span><span data-ccp-props=\"{\"201341983\":0,\"335559739\":160,\"335559740\":278}\"> <\/span><\/p><ul><li style=\"text-align: left;\" data-leveltext=\"\uf0b7\" data-font=\"Symbol\" data-listid=\"5\" data-list-defn-props=\"{\"335552541\":1,\"335559685\":720,\"335559991\":360,\"469769226\":\"Symbol\",\"469769242\":[8226],\"469777803\":\"left\",\"469777804\":\"\uf0b7\",\"469777815\":\"hybridMultilevel\"}\" aria-setsize=\"-1\" data-aria-posinset=\"1\" data-aria-level=\"1\"><span data-contrast=\"auto\">Am\u00e9liorez vos r\u00e9sultats gr\u00e2ce aux avantages offerts par les partenaires<\/span><span data-ccp-props=\"{\"201341983\":0,\"335559739\":160,\"335559740\":278}\"> <\/span><\/li><\/ul><ul style=\"text-align: left;\"><li data-leveltext=\"\uf0b7\" data-font=\"Symbol\" data-listid=\"5\" data-list-defn-props=\"{\"335552541\":1,\"335559685\":720,\"335559991\":360,\"469769226\":\"Symbol\",\"469769242\":[8226],\"469777803\":\"left\",\"469777804\":\"\uf0b7\",\"469777815\":\"hybridMultilevel\"}\" aria-setsize=\"-1\" data-aria-posinset=\"2\" data-aria-level=\"1\"><span data-contrast=\"auto\">Explorez de nouvelles sources de revenus et cr\u00e9ez une valeur durable gr\u00e2ce \u00e0 la vente de logiciels et de services.<\/span><span data-ccp-props=\"{\"201341983\":0,\"335559739\":160,\"335559740\":278}\"> <\/span><\/li><\/ul><ul style=\"text-align: left;\"><li data-leveltext=\"\uf0b7\" data-font=\"Symbol\" data-listid=\"5\" data-list-defn-props=\"{\"335552541\":1,\"335559685\":720,\"335559991\":360,\"469769226\":\"Symbol\",\"469769242\":[8226],\"469777803\":\"left\",\"469777804\":\"\uf0b7\",\"469777815\":\"hybridMultilevel\"}\" aria-setsize=\"-1\" data-aria-posinset=\"3\" data-aria-level=\"1\"><span data-contrast=\"auto\">Obtenez un avantage concurrentiel gr\u00e2ce \u00e0 des solutions d&rsquo;adoption par les utilisateurs de brevets.<\/span><span data-ccp-props=\"{\"201341983\":0,\"335559739\":160,\"335559740\":278}\"> <\/span><\/li><\/ul><ul><li style=\"text-align: left;\" data-leveltext=\"\uf0b7\" data-font=\"Symbol\" data-listid=\"5\" data-list-defn-props=\"{\"335552541\":1,\"335559685\":720,\"335559991\":360,\"469769226\":\"Symbol\",\"469769242\":[8226],\"469777803\":\"left\",\"469777804\":\"\uf0b7\",\"469777815\":\"hybridMultilevel\"}\" aria-setsize=\"-1\" data-aria-posinset=\"4\" data-aria-level=\"1\"><span data-contrast=\"auto\">Acc\u00e9l\u00e9rez le d\u00e9lai de rentabilit\u00e9, am\u00e9liorez l&rsquo;apprentissage et r\u00e9duisez les co\u00fbts de formation.  <\/span><span data-ccp-props=\"{\"201341983\":0,\"335559739\":160,\"335559740\":278}\"> <\/span><\/li><\/ul>\t\t\t\t\t\t\t\t<\/div>\n\t\t\t\t<\/div>\n\t\t\t\t<div class=\"elementor-element elementor-element-1ce3f85 contact-form s4-hana request become elementor-widget elementor-widget-shortcode\" data-id=\"1ce3f85\" data-element_type=\"widget\" data-widget_type=\"shortcode.default\">\n\t\t\t\t<div class=\"elementor-widget-container\">\n\t\t\t\t\t\t\t<div class=\"elementor-shortcode\"><iframe height=\"650px\" width=\"100%\" frameborder=\"0\" allow=\"geolocation;microphone;camera\" src=\"https:\/\/zfrmz.com\/babmXEfm02ZHVg3IJWm9\"> <\/iframe><\/div>\n\t\t\t\t\t\t<\/div>\n\t\t\t\t<\/div>\n\t\t\t\t\t<\/div>\n\t\t\t\t<\/div>\n\t\t\t\t\t<\/div>\n\t\t\t\t<\/div>\n\t\t\t\t\t<\/div>\n\t\t\t\t<\/div>\n\t\t\t\t<\/div>\n\t\t","protected":false},"excerpt":{"rendered":"<p>Devenez partenaire d&rsquo;Assima Des partenariats solides sont la base d&rsquo;un succ\u00e8s mutuel. Joignez-vous \u00e0 nous et offrez \u00e0 vos clients des modules de formation hyper-stimul\u00e9s. Am\u00e9liorez vos r\u00e9sultats gr\u00e2ce aux avantages offerts par les partenaires Explorez de nouvelles sources de revenus et cr\u00e9ez une valeur durable gr\u00e2ce \u00e0 la vente de logiciels et de services. [&hellip;]<\/p>\n","protected":false},"author":1,"featured_media":0,"parent":15889,"menu_order":0,"comment_status":"closed","ping_status":"closed","template":"elementor_canvas","meta":{"_acf_changed":false,"footnotes":""},"class_list":["post-15505","page","type-page","status-publish","hentry"],"acf":[],"yoast_head":"<!-- This site is optimized with the Yoast SEO plugin v27.2 - https:\/\/yoast.com\/product\/yoast-seo-wordpress\/ -->\n<title>Devenez partenaire d&#039;Assima | Rejoignez notre programme de partenariat<\/title>\n<meta name=\"description\" content=\"Faites \u00e9quipe avec Assima Solutions pour obtenir des outils et un soutien de pointe en mati\u00e8re d&#039;adoption num\u00e9rique. D\u00e9veloppez votre activit\u00e9 et am\u00e9liorez le succ\u00e8s de vos clients. Postulez maintenant !\" \/>\n<meta name=\"robots\" content=\"index, follow, max-snippet:-1, max-image-preview:large, max-video-preview:-1\" \/>\n<link rel=\"canonical\" href=\"https:\/\/assimasolutions.com\/fr\/partenaires\/devenez-partenaire-dassima\/\" \/>\n<meta property=\"og:locale\" content=\"fr_FR\" \/>\n<meta property=\"og:type\" content=\"article\" \/>\n<meta property=\"og:title\" content=\"Devenez partenaire d&#039;Assima | Rejoignez notre programme de partenariat\" \/>\n<meta property=\"og:description\" content=\"Faites \u00e9quipe avec Assima Solutions pour obtenir des outils et un soutien de pointe en mati\u00e8re d&#039;adoption num\u00e9rique. D\u00e9veloppez votre activit\u00e9 et am\u00e9liorez le succ\u00e8s de vos clients. Postulez maintenant !\" \/>\n<meta property=\"og:url\" content=\"https:\/\/assimasolutions.com\/fr\/partenaires\/devenez-partenaire-dassima\/\" \/>\n<meta property=\"og:site_name\" content=\"Assima\" \/>\n<meta property=\"article:modified_time\" content=\"2025-12-12T01:18:07+00:00\" \/>\n<meta name=\"twitter:card\" content=\"summary_large_image\" \/>\n<meta name=\"twitter:label1\" content=\"Est. reading time\" \/>\n\t<meta name=\"twitter:data1\" content=\"1 minute\" \/>\n<script type=\"application\/ld+json\" class=\"yoast-schema-graph\">{\"@context\":\"https:\/\/schema.org\",\"@graph\":[{\"@type\":\"WebPage\",\"@id\":\"https:\/\/assimasolutions.com\/fr\/partenaires\/devenez-partenaire-dassima\/\",\"url\":\"https:\/\/assimasolutions.com\/fr\/partenaires\/devenez-partenaire-dassima\/\",\"name\":\"Devenez partenaire d'Assima | Rejoignez notre programme de partenariat\",\"isPartOf\":{\"@id\":\"https:\/\/assimasolutions.com\/fr\/#website\"},\"datePublished\":\"2024-01-29T07:08:18+00:00\",\"dateModified\":\"2025-12-12T01:18:07+00:00\",\"description\":\"Faites \u00e9quipe avec Assima Solutions pour obtenir des outils et un soutien de pointe en mati\u00e8re d'adoption num\u00e9rique. D\u00e9veloppez votre activit\u00e9 et am\u00e9liorez le succ\u00e8s de vos clients. Postulez maintenant !\",\"breadcrumb\":{\"@id\":\"https:\/\/assimasolutions.com\/fr\/partenaires\/devenez-partenaire-dassima\/#breadcrumb\"},\"inLanguage\":\"fr-FR\",\"potentialAction\":[{\"@type\":\"ReadAction\",\"target\":[\"https:\/\/assimasolutions.com\/fr\/partenaires\/devenez-partenaire-dassima\/\"]}]},{\"@type\":\"BreadcrumbList\",\"@id\":\"https:\/\/assimasolutions.com\/fr\/partenaires\/devenez-partenaire-dassima\/#breadcrumb\",\"itemListElement\":[{\"@type\":\"ListItem\",\"position\":1,\"name\":\"Home\",\"item\":\"https:\/\/assimasolutions.com\/fr\/\"},{\"@type\":\"ListItem\",\"position\":2,\"name\":\"Partenaires\",\"item\":\"https:\/\/assimasolutions.com\/fr\/partenaires\/\"},{\"@type\":\"ListItem\",\"position\":3,\"name\":\"Devenez partenaire d&#8217;Assima\"}]},{\"@type\":\"WebSite\",\"@id\":\"https:\/\/assimasolutions.com\/fr\/#website\",\"url\":\"https:\/\/assimasolutions.com\/fr\/\",\"name\":\"Assima\",\"description\":\"\",\"publisher\":{\"@id\":\"https:\/\/assimasolutions.com\/fr\/#organization\"},\"potentialAction\":[{\"@type\":\"SearchAction\",\"target\":{\"@type\":\"EntryPoint\",\"urlTemplate\":\"https:\/\/assimasolutions.com\/fr\/?s={search_term_string}\"},\"query-input\":{\"@type\":\"PropertyValueSpecification\",\"valueRequired\":true,\"valueName\":\"search_term_string\"}}],\"inLanguage\":\"fr-FR\"},{\"@type\":\"Organization\",\"@id\":\"https:\/\/assimasolutions.com\/fr\/#organization\",\"name\":\"Assima\",\"url\":\"https:\/\/assimasolutions.com\/fr\/\",\"logo\":{\"@type\":\"ImageObject\",\"inLanguage\":\"fr-FR\",\"@id\":\"https:\/\/assimasolutions.com\/fr\/#\/schema\/logo\/image\/\",\"url\":\"https:\/\/assimasolutions.com\/wp-content\/uploads\/2023\/12\/logo-1.webp\",\"contentUrl\":\"https:\/\/assimasolutions.com\/wp-content\/uploads\/2023\/12\/logo-1.webp\",\"width\":159,\"height\":36,\"caption\":\"Assima\"},\"image\":{\"@id\":\"https:\/\/assimasolutions.com\/fr\/#\/schema\/logo\/image\/\"}}]}<\/script>\n<!-- \/ Yoast SEO plugin. -->","yoast_head_json":{"title":"Devenez partenaire d'Assima | Rejoignez notre programme de partenariat","description":"Faites \u00e9quipe avec Assima Solutions pour obtenir des outils et un soutien de pointe en mati\u00e8re d'adoption num\u00e9rique. D\u00e9veloppez votre activit\u00e9 et am\u00e9liorez le succ\u00e8s de vos clients. Postulez maintenant !","robots":{"index":"index","follow":"follow","max-snippet":"max-snippet:-1","max-image-preview":"max-image-preview:large","max-video-preview":"max-video-preview:-1"},"canonical":"https:\/\/assimasolutions.com\/fr\/partenaires\/devenez-partenaire-dassima\/","og_locale":"fr_FR","og_type":"article","og_title":"Devenez partenaire d'Assima | Rejoignez notre programme de partenariat","og_description":"Faites \u00e9quipe avec Assima Solutions pour obtenir des outils et un soutien de pointe en mati\u00e8re d'adoption num\u00e9rique. D\u00e9veloppez votre activit\u00e9 et am\u00e9liorez le succ\u00e8s de vos clients. Postulez maintenant !","og_url":"https:\/\/assimasolutions.com\/fr\/partenaires\/devenez-partenaire-dassima\/","og_site_name":"Assima","article_modified_time":"2025-12-12T01:18:07+00:00","twitter_card":"summary_large_image","twitter_misc":{"Est. reading time":"1 minute"},"schema":{"@context":"https:\/\/schema.org","@graph":[{"@type":"WebPage","@id":"https:\/\/assimasolutions.com\/fr\/partenaires\/devenez-partenaire-dassima\/","url":"https:\/\/assimasolutions.com\/fr\/partenaires\/devenez-partenaire-dassima\/","name":"Devenez partenaire d'Assima | Rejoignez notre programme de partenariat","isPartOf":{"@id":"https:\/\/assimasolutions.com\/fr\/#website"},"datePublished":"2024-01-29T07:08:18+00:00","dateModified":"2025-12-12T01:18:07+00:00","description":"Faites \u00e9quipe avec Assima Solutions pour obtenir des outils et un soutien de pointe en mati\u00e8re d'adoption num\u00e9rique. D\u00e9veloppez votre activit\u00e9 et am\u00e9liorez le succ\u00e8s de vos clients. Postulez maintenant !","breadcrumb":{"@id":"https:\/\/assimasolutions.com\/fr\/partenaires\/devenez-partenaire-dassima\/#breadcrumb"},"inLanguage":"fr-FR","potentialAction":[{"@type":"ReadAction","target":["https:\/\/assimasolutions.com\/fr\/partenaires\/devenez-partenaire-dassima\/"]}]},{"@type":"BreadcrumbList","@id":"https:\/\/assimasolutions.com\/fr\/partenaires\/devenez-partenaire-dassima\/#breadcrumb","itemListElement":[{"@type":"ListItem","position":1,"name":"Home","item":"https:\/\/assimasolutions.com\/fr\/"},{"@type":"ListItem","position":2,"name":"Partenaires","item":"https:\/\/assimasolutions.com\/fr\/partenaires\/"},{"@type":"ListItem","position":3,"name":"Devenez partenaire d&#8217;Assima"}]},{"@type":"WebSite","@id":"https:\/\/assimasolutions.com\/fr\/#website","url":"https:\/\/assimasolutions.com\/fr\/","name":"Assima","description":"","publisher":{"@id":"https:\/\/assimasolutions.com\/fr\/#organization"},"potentialAction":[{"@type":"SearchAction","target":{"@type":"EntryPoint","urlTemplate":"https:\/\/assimasolutions.com\/fr\/?s={search_term_string}"},"query-input":{"@type":"PropertyValueSpecification","valueRequired":true,"valueName":"search_term_string"}}],"inLanguage":"fr-FR"},{"@type":"Organization","@id":"https:\/\/assimasolutions.com\/fr\/#organization","name":"Assima","url":"https:\/\/assimasolutions.com\/fr\/","logo":{"@type":"ImageObject","inLanguage":"fr-FR","@id":"https:\/\/assimasolutions.com\/fr\/#\/schema\/logo\/image\/","url":"https:\/\/assimasolutions.com\/wp-content\/uploads\/2023\/12\/logo-1.webp","contentUrl":"https:\/\/assimasolutions.com\/wp-content\/uploads\/2023\/12\/logo-1.webp","width":159,"height":36,"caption":"Assima"},"image":{"@id":"https:\/\/assimasolutions.com\/fr\/#\/schema\/logo\/image\/"}}]}},"_links":{"self":[{"href":"https:\/\/assimasolutions.com\/fr\/wp-json\/wp\/v2\/pages\/15505","targetHints":{"allow":["GET"]}}],"collection":[{"href":"https:\/\/assimasolutions.com\/fr\/wp-json\/wp\/v2\/pages"}],"about":[{"href":"https:\/\/assimasolutions.com\/fr\/wp-json\/wp\/v2\/types\/page"}],"author":[{"embeddable":true,"href":"https:\/\/assimasolutions.com\/fr\/wp-json\/wp\/v2\/users\/1"}],"replies":[{"embeddable":true,"href":"https:\/\/assimasolutions.com\/fr\/wp-json\/wp\/v2\/comments?post=15505"}],"version-history":[{"count":0,"href":"https:\/\/assimasolutions.com\/fr\/wp-json\/wp\/v2\/pages\/15505\/revisions"}],"up":[{"embeddable":true,"href":"https:\/\/assimasolutions.com\/fr\/wp-json\/wp\/v2\/pages\/15889"}],"wp:attachment":[{"href":"https:\/\/assimasolutions.com\/fr\/wp-json\/wp\/v2\/media?parent=15505"}],"curies":[{"name":"wp","href":"https:\/\/api.w.org\/{rel}","templated":true}]}}