{"id":15494,"date":"2023-12-15T07:37:18","date_gmt":"2023-12-15T07:37:18","guid":{"rendered":"https:\/\/assima2022.wpengine.com\/accessibilite\/"},"modified":"2025-12-12T01:10:30","modified_gmt":"2025-12-12T01:10:30","slug":"accessibilite","status":"publish","type":"page","link":"https:\/\/assimasolutions.com\/fr\/accessibilite\/","title":{"rendered":"Accessibilit\u00e9"},"content":{"rendered":"\t\t<div data-elementor-type=\"wp-page\" data-elementor-id=\"15494\" class=\"elementor elementor-15494 elementor-63\" data-elementor-settings=\"{&quot;ha_cmc_init_switcher&quot;:&quot;no&quot;}\" data-elementor-post-type=\"page\">\n\t\t\t\t<div class=\"elementor-element elementor-element-f651193 e-flex e-con-boxed e-con e-parent\" data-id=\"f651193\" data-element_type=\"container\" data-settings=\"{&quot;background_background&quot;:&quot;classic&quot;,&quot;_ha_eqh_enable&quot;:false}\">\n\t\t\t\t\t<div class=\"e-con-inner\">\n\t\t<div class=\"elementor-element elementor-element-a3a7af6 e-con-full e-flex e-con e-child\" data-id=\"a3a7af6\" data-element_type=\"container\" data-settings=\"{&quot;background_background&quot;:&quot;classic&quot;,&quot;_ha_eqh_enable&quot;:false}\">\n\t\t\t\t<div class=\"elementor-element elementor-element-6e95bc1 elementor-widget__width-inherit elementor-widget elementor-widget-heading\" data-id=\"6e95bc1\" data-element_type=\"widget\" data-widget_type=\"heading.default\">\n\t\t\t\t<div class=\"elementor-widget-container\">\n\t\t\t\t\t<h1 class=\"elementor-heading-title elementor-size-default\">D\u00e9claration d'accessibilit\u00e9 pour Assima Train<\/h1>\t\t\t\t<\/div>\n\t\t\t\t<\/div>\n\t\t\t\t<\/div>\n\t\t\t\t\t<\/div>\n\t\t\t\t<\/div>\n\t\t<div class=\"elementor-element elementor-element-c1307ed e-flex e-con-boxed e-con e-parent\" data-id=\"c1307ed\" data-element_type=\"container\" data-settings=\"{&quot;_ha_eqh_enable&quot;:false}\">\n\t\t\t\t\t<div class=\"e-con-inner\">\n\t\t\t\t<div class=\"elementor-element elementor-element-4abd35b elementor-widget elementor-widget-heading\" data-id=\"4abd35b\" data-element_type=\"widget\" data-widget_type=\"heading.default\">\n\t\t\t\t<div class=\"elementor-widget-container\">\n\t\t\t\t\t<h2 class=\"elementor-heading-title elementor-size-default\">Cette d\u00e9claration d'accessibilit\u00e9 s'applique au lecteur Assima Train.<\/h2>\t\t\t\t<\/div>\n\t\t\t\t<\/div>\n\t\t\t\t<div class=\"elementor-element elementor-element-ae9a511 elementor-widget elementor-widget-text-editor\" data-id=\"ae9a511\" data-element_type=\"widget\" data-widget_type=\"text-editor.default\">\n\t\t\t\t<div class=\"elementor-widget-container\">\n\t\t\t\t\t\t\t\t\t<p>Le lecteur est g\u00e9r\u00e9 par Assima. Nous souhaitons que le plus grand nombre possible de personnes puissent utiliser ce lecteur. <\/p><p><b>Par exemple, cela signifie que vous devez \u00eatre en mesure de.. :<\/b><\/p><ul><li>modifier les couleurs, les niveaux de contraste et les polices<\/li><li>zoomer jusqu&rsquo;\u00e0 300 % sans que le texte ne d\u00e9borde de l&rsquo;\u00e9cran<\/li><li>naviguer dans la majeure partie du lecteur \u00e0 l&rsquo;aide d&rsquo;un simple clavier<\/li><li>naviguer dans la plupart des lecteurs \u00e0 l&rsquo;aide d&rsquo;un logiciel de reconnaissance vocale<\/li><li>\u00e9couter la majeure partie du lecteur \u00e0 l&rsquo;aide d&rsquo;un lecteur d&rsquo;\u00e9cran (y compris les versions les plus r\u00e9centes de JAWS, NVDA et VoiceOver)<\/li><\/ul><p>Nous avons \u00e9galement fait en sorte que le texte du joueur soit le plus simple possible \u00e0 comprendre.<\/p><p><a href=\"https:\/\/mcmw.abilitynet.org.uk\/\">AbilityNet<\/a> propose des conseils pour faciliter l&rsquo;utilisation de votre appareil si vous avez un handicap.<\/p>\t\t\t\t\t\t\t\t<\/div>\n\t\t\t\t<\/div>\n\t\t\t\t<div class=\"elementor-element elementor-element-c39f0be elementor-widget elementor-widget-text-editor\" data-id=\"c39f0be\" data-element_type=\"widget\" data-widget_type=\"text-editor.default\">\n\t\t\t\t<div class=\"elementor-widget-container\">\n\t\t\t\t\t\t\t\t\t<p>Quel est le degr\u00e9 d&rsquo;accessibilit\u00e9 de l&rsquo;acteur du train Assima ?<\/p><ul><li>Le texte s&rsquo;affichera \u00e0 nouveau lorsque vous modifierez la taille de la fen\u00eatre du navigateur.<\/li><li>Les boutons et les \u00e9tiquettes sont annonc\u00e9s aux utilisateurs de lecteurs d&rsquo;\u00e9cran.<\/li><li>Les mises \u00e0 jour des messages d&rsquo;\u00e9tat sont annonc\u00e9es lorsqu&rsquo;un changement d&rsquo;\u00e9tat se produit sur la page.<\/li><li>Le contenu respecte les valeurs de contraste minimales ou les d\u00e9passe pour le texte de la page.<\/li><\/ul><p>Commentaires et informations de contact<br>Si vous avez besoin d&rsquo;informations sur ce lecteur dans un format diff\u00e9rent (PDF accessible, gros caract\u00e8res, lecture facile) :<\/p><ul><li>Courriel : info@assima.net<\/li><li>Appelez-nous : +1 909 300 3904 (Am\u00e9rique du Nord) \/ +44 (0) 161 768<br>2368 (EMEA)<\/li><li><a href=\"https:\/\/assimasolutions.com\/company\/contact-us\/\">Formulaire de contact<\/a><\/li><\/ul><p>Nous \u00e9tudierons votre demande et vous contacterons dans les plus brefs d\u00e9lais.<\/p><p>Informations techniques sur l&rsquo;accessibilit\u00e9 du joueur Assima Train<\/p><p>\u00c9tat de conformit\u00e9<br>Le lecteur est enti\u00e8rement conforme \u00e0 la norme AA de la version 2.1 des directives d&rsquo;accessibilit\u00e9 au contenu Web.<\/p><p>Pr\u00e9paration de cette d\u00e9claration d&rsquo;accessibilit\u00e9<br>Cette d\u00e9claration a \u00e9t\u00e9 pr\u00e9par\u00e9e le 18\/11\/2022. Elle a \u00e9t\u00e9 revue pour la derni\u00e8re fois le 18\/11\/2022<br>Ce site web a \u00e9t\u00e9 test\u00e9 pour la derni\u00e8re fois le 02\/11\/2022. Le test a \u00e9t\u00e9 effectu\u00e9 par Zoonou.<br>Zoonou a utilis\u00e9 WCAG-EM pour d\u00e9finir les pages test\u00e9es et l&rsquo;approche du test.  <\/p>\t\t\t\t\t\t\t\t<\/div>\n\t\t\t\t<\/div>\n\t\t\t\t<div class=\"elementor-element elementor-element-249a2df elementor-widget elementor-widget-image\" data-id=\"249a2df\" data-element_type=\"widget\" data-widget_type=\"image.default\">\n\t\t\t\t<div class=\"elementor-widget-container\">\n\t\t\t\t\t\t\t\t\t\t\t\t\t\t\t<img decoding=\"async\" width=\"157\" height=\"131\" src=\"https:\/\/assimasolutions.com\/wp-content\/uploads\/2024\/01\/2023-08-22-20_30_27-Accessibility-Statement-Assima-Marketing-Materials-Google-Drive.png\" class=\"attachment-full size-full wp-image-12998\" alt=\"\" \/>\t\t\t\t\t\t\t\t\t\t\t\t\t\t\t<\/div>\n\t\t\t\t<\/div>\n\t\t\t\t<div class=\"elementor-element elementor-element-8d9a4d3 elementor-widget elementor-widget-text-editor\" data-id=\"8d9a4d3\" data-element_type=\"widget\" data-widget_type=\"text-editor.default\">\n\t\t\t\t<div class=\"elementor-widget-container\">\n\t\t\t\t\t\t\t\t\t<p>Copyright 2023 Zoonou Ltd.<\/p><p>Tous droits r\u00e9serv\u00e9s<br><a href=\"https:\/\/zoonou.com\/privacy-notice\/\">Avis de confidentialit\u00e9<\/a><br><a href=\"https:\/\/zoonou.com\/our-policies\/#quality-policy\">Politique de qualit\u00e9<\/a><br><a href=\"https:\/\/zoonou.com\/accessibility-statement\/\">D\u00e9claration d&rsquo;accessibilit\u00e9<\/a><\/p>\t\t\t\t\t\t\t\t<\/div>\n\t\t\t\t<\/div>\n\t\t\t\t\t<\/div>\n\t\t\t\t<\/div>\n\t\t\t\t<\/div>\n\t\t","protected":false},"excerpt":{"rendered":"<p>D\u00e9claration d&rsquo;accessibilit\u00e9 pour Assima Train Cette d\u00e9claration d&rsquo;accessibilit\u00e9 s&rsquo;applique au lecteur Assima Train. Le lecteur est g\u00e9r\u00e9 par Assima. Nous souhaitons que le plus grand nombre possible de personnes puissent utiliser ce lecteur. Par exemple, cela signifie que vous devez \u00eatre en mesure de.. : modifier les couleurs, les niveaux de contraste et les polices [&hellip;]<\/p>\n","protected":false},"author":1,"featured_media":0,"parent":0,"menu_order":0,"comment_status":"closed","ping_status":"closed","template":"elementor_header_footer","meta":{"_acf_changed":false,"footnotes":""},"class_list":["post-15494","page","type-page","status-publish","hentry"],"acf":[],"yoast_head":"<!-- This site is optimized with the Yoast SEO plugin v27.2 - https:\/\/yoast.com\/product\/yoast-seo-wordpress\/ -->\n<title>D\u00e9claration d&#039;accessibilit\u00e9 d&#039;Assima | Acc\u00e8s num\u00e9rique inclusif<\/title>\n<meta name=\"description\" content=\"Lisez la D\u00e9claration d&#039;accessibilit\u00e9 d&#039;Assima pour comprendre notre engagement \u00e0 fournir une exp\u00e9rience num\u00e9rique inclusive et accessible \u00e0 tous les utilisateurs.\" \/>\n<meta name=\"robots\" content=\"index, follow, max-snippet:-1, max-image-preview:large, max-video-preview:-1\" \/>\n<link rel=\"canonical\" href=\"https:\/\/assimasolutions.com\/fr\/accessibilite\/\" \/>\n<meta property=\"og:locale\" content=\"fr_FR\" \/>\n<meta property=\"og:type\" content=\"article\" \/>\n<meta property=\"og:title\" content=\"D\u00e9claration d&#039;accessibilit\u00e9 d&#039;Assima | Acc\u00e8s num\u00e9rique inclusif\" \/>\n<meta property=\"og:description\" content=\"Lisez la D\u00e9claration d&#039;accessibilit\u00e9 d&#039;Assima pour comprendre notre engagement \u00e0 fournir une exp\u00e9rience num\u00e9rique inclusive et accessible \u00e0 tous les utilisateurs.\" \/>\n<meta property=\"og:url\" content=\"https:\/\/assimasolutions.com\/fr\/accessibilite\/\" \/>\n<meta property=\"og:site_name\" content=\"Assima\" \/>\n<meta property=\"article:modified_time\" content=\"2025-12-12T01:10:30+00:00\" \/>\n<meta property=\"og:image\" content=\"https:\/\/assimasolutions.com\/wp-content\/uploads\/2024\/01\/2023-08-22-20_30_27-Accessibility-Statement-Assima-Marketing-Materials-Google-Drive.png\" \/>\n<meta name=\"twitter:card\" content=\"summary_large_image\" \/>\n<meta name=\"twitter:label1\" content=\"Est. reading time\" \/>\n\t<meta name=\"twitter:data1\" content=\"2 minutes\" \/>\n<script type=\"application\/ld+json\" class=\"yoast-schema-graph\">{\"@context\":\"https:\/\/schema.org\",\"@graph\":[{\"@type\":\"WebPage\",\"@id\":\"https:\/\/assimasolutions.com\/fr\/accessibilite\/\",\"url\":\"https:\/\/assimasolutions.com\/fr\/accessibilite\/\",\"name\":\"D\u00e9claration d'accessibilit\u00e9 d'Assima | Acc\u00e8s num\u00e9rique inclusif\",\"isPartOf\":{\"@id\":\"https:\/\/assimasolutions.com\/fr\/#website\"},\"primaryImageOfPage\":{\"@id\":\"https:\/\/assimasolutions.com\/fr\/accessibilite\/#primaryimage\"},\"image\":{\"@id\":\"https:\/\/assimasolutions.com\/fr\/accessibilite\/#primaryimage\"},\"thumbnailUrl\":\"https:\/\/assimasolutions.com\/wp-content\/uploads\/2024\/01\/2023-08-22-20_30_27-Accessibility-Statement-Assima-Marketing-Materials-Google-Drive.png\",\"datePublished\":\"2023-12-15T07:37:18+00:00\",\"dateModified\":\"2025-12-12T01:10:30+00:00\",\"description\":\"Lisez la D\u00e9claration d'accessibilit\u00e9 d'Assima pour comprendre notre engagement \u00e0 fournir une exp\u00e9rience num\u00e9rique inclusive et accessible \u00e0 tous les utilisateurs.\",\"breadcrumb\":{\"@id\":\"https:\/\/assimasolutions.com\/fr\/accessibilite\/#breadcrumb\"},\"inLanguage\":\"fr-FR\",\"potentialAction\":[{\"@type\":\"ReadAction\",\"target\":[\"https:\/\/assimasolutions.com\/fr\/accessibilite\/\"]}]},{\"@type\":\"ImageObject\",\"inLanguage\":\"fr-FR\",\"@id\":\"https:\/\/assimasolutions.com\/fr\/accessibilite\/#primaryimage\",\"url\":\"https:\/\/assimasolutions.com\/wp-content\/uploads\/2024\/01\/2023-08-22-20_30_27-Accessibility-Statement-Assima-Marketing-Materials-Google-Drive.png\",\"contentUrl\":\"https:\/\/assimasolutions.com\/wp-content\/uploads\/2024\/01\/2023-08-22-20_30_27-Accessibility-Statement-Assima-Marketing-Materials-Google-Drive.png\"},{\"@type\":\"BreadcrumbList\",\"@id\":\"https:\/\/assimasolutions.com\/fr\/accessibilite\/#breadcrumb\",\"itemListElement\":[{\"@type\":\"ListItem\",\"position\":1,\"name\":\"Home\",\"item\":\"https:\/\/assimasolutions.com\/fr\/\"},{\"@type\":\"ListItem\",\"position\":2,\"name\":\"Accessibilit\u00e9\"}]},{\"@type\":\"WebSite\",\"@id\":\"https:\/\/assimasolutions.com\/fr\/#website\",\"url\":\"https:\/\/assimasolutions.com\/fr\/\",\"name\":\"Assima\",\"description\":\"\",\"publisher\":{\"@id\":\"https:\/\/assimasolutions.com\/fr\/#organization\"},\"potentialAction\":[{\"@type\":\"SearchAction\",\"target\":{\"@type\":\"EntryPoint\",\"urlTemplate\":\"https:\/\/assimasolutions.com\/fr\/?s={search_term_string}\"},\"query-input\":{\"@type\":\"PropertyValueSpecification\",\"valueRequired\":true,\"valueName\":\"search_term_string\"}}],\"inLanguage\":\"fr-FR\"},{\"@type\":\"Organization\",\"@id\":\"https:\/\/assimasolutions.com\/fr\/#organization\",\"name\":\"Assima\",\"url\":\"https:\/\/assimasolutions.com\/fr\/\",\"logo\":{\"@type\":\"ImageObject\",\"inLanguage\":\"fr-FR\",\"@id\":\"https:\/\/assimasolutions.com\/fr\/#\/schema\/logo\/image\/\",\"url\":\"https:\/\/assimasolutions.com\/wp-content\/uploads\/2023\/12\/logo-1.webp\",\"contentUrl\":\"https:\/\/assimasolutions.com\/wp-content\/uploads\/2023\/12\/logo-1.webp\",\"width\":159,\"height\":36,\"caption\":\"Assima\"},\"image\":{\"@id\":\"https:\/\/assimasolutions.com\/fr\/#\/schema\/logo\/image\/\"}}]}<\/script>\n<!-- \/ Yoast SEO plugin. -->","yoast_head_json":{"title":"D\u00e9claration d'accessibilit\u00e9 d'Assima | Acc\u00e8s num\u00e9rique inclusif","description":"Lisez la D\u00e9claration d'accessibilit\u00e9 d'Assima pour comprendre notre engagement \u00e0 fournir une exp\u00e9rience num\u00e9rique inclusive et accessible \u00e0 tous les utilisateurs.","robots":{"index":"index","follow":"follow","max-snippet":"max-snippet:-1","max-image-preview":"max-image-preview:large","max-video-preview":"max-video-preview:-1"},"canonical":"https:\/\/assimasolutions.com\/fr\/accessibilite\/","og_locale":"fr_FR","og_type":"article","og_title":"D\u00e9claration d'accessibilit\u00e9 d'Assima | Acc\u00e8s num\u00e9rique inclusif","og_description":"Lisez la D\u00e9claration d'accessibilit\u00e9 d'Assima pour comprendre notre engagement \u00e0 fournir une exp\u00e9rience num\u00e9rique inclusive et accessible \u00e0 tous les utilisateurs.","og_url":"https:\/\/assimasolutions.com\/fr\/accessibilite\/","og_site_name":"Assima","article_modified_time":"2025-12-12T01:10:30+00:00","og_image":[{"url":"https:\/\/assimasolutions.com\/wp-content\/uploads\/2024\/01\/2023-08-22-20_30_27-Accessibility-Statement-Assima-Marketing-Materials-Google-Drive.png","type":"","width":"","height":""}],"twitter_card":"summary_large_image","twitter_misc":{"Est. reading time":"2 minutes"},"schema":{"@context":"https:\/\/schema.org","@graph":[{"@type":"WebPage","@id":"https:\/\/assimasolutions.com\/fr\/accessibilite\/","url":"https:\/\/assimasolutions.com\/fr\/accessibilite\/","name":"D\u00e9claration d'accessibilit\u00e9 d'Assima | Acc\u00e8s num\u00e9rique inclusif","isPartOf":{"@id":"https:\/\/assimasolutions.com\/fr\/#website"},"primaryImageOfPage":{"@id":"https:\/\/assimasolutions.com\/fr\/accessibilite\/#primaryimage"},"image":{"@id":"https:\/\/assimasolutions.com\/fr\/accessibilite\/#primaryimage"},"thumbnailUrl":"https:\/\/assimasolutions.com\/wp-content\/uploads\/2024\/01\/2023-08-22-20_30_27-Accessibility-Statement-Assima-Marketing-Materials-Google-Drive.png","datePublished":"2023-12-15T07:37:18+00:00","dateModified":"2025-12-12T01:10:30+00:00","description":"Lisez la D\u00e9claration d'accessibilit\u00e9 d'Assima pour comprendre notre engagement \u00e0 fournir une exp\u00e9rience num\u00e9rique inclusive et accessible \u00e0 tous les utilisateurs.","breadcrumb":{"@id":"https:\/\/assimasolutions.com\/fr\/accessibilite\/#breadcrumb"},"inLanguage":"fr-FR","potentialAction":[{"@type":"ReadAction","target":["https:\/\/assimasolutions.com\/fr\/accessibilite\/"]}]},{"@type":"ImageObject","inLanguage":"fr-FR","@id":"https:\/\/assimasolutions.com\/fr\/accessibilite\/#primaryimage","url":"https:\/\/assimasolutions.com\/wp-content\/uploads\/2024\/01\/2023-08-22-20_30_27-Accessibility-Statement-Assima-Marketing-Materials-Google-Drive.png","contentUrl":"https:\/\/assimasolutions.com\/wp-content\/uploads\/2024\/01\/2023-08-22-20_30_27-Accessibility-Statement-Assima-Marketing-Materials-Google-Drive.png"},{"@type":"BreadcrumbList","@id":"https:\/\/assimasolutions.com\/fr\/accessibilite\/#breadcrumb","itemListElement":[{"@type":"ListItem","position":1,"name":"Home","item":"https:\/\/assimasolutions.com\/fr\/"},{"@type":"ListItem","position":2,"name":"Accessibilit\u00e9"}]},{"@type":"WebSite","@id":"https:\/\/assimasolutions.com\/fr\/#website","url":"https:\/\/assimasolutions.com\/fr\/","name":"Assima","description":"","publisher":{"@id":"https:\/\/assimasolutions.com\/fr\/#organization"},"potentialAction":[{"@type":"SearchAction","target":{"@type":"EntryPoint","urlTemplate":"https:\/\/assimasolutions.com\/fr\/?s={search_term_string}"},"query-input":{"@type":"PropertyValueSpecification","valueRequired":true,"valueName":"search_term_string"}}],"inLanguage":"fr-FR"},{"@type":"Organization","@id":"https:\/\/assimasolutions.com\/fr\/#organization","name":"Assima","url":"https:\/\/assimasolutions.com\/fr\/","logo":{"@type":"ImageObject","inLanguage":"fr-FR","@id":"https:\/\/assimasolutions.com\/fr\/#\/schema\/logo\/image\/","url":"https:\/\/assimasolutions.com\/wp-content\/uploads\/2023\/12\/logo-1.webp","contentUrl":"https:\/\/assimasolutions.com\/wp-content\/uploads\/2023\/12\/logo-1.webp","width":159,"height":36,"caption":"Assima"},"image":{"@id":"https:\/\/assimasolutions.com\/fr\/#\/schema\/logo\/image\/"}}]}},"_links":{"self":[{"href":"https:\/\/assimasolutions.com\/fr\/wp-json\/wp\/v2\/pages\/15494","targetHints":{"allow":["GET"]}}],"collection":[{"href":"https:\/\/assimasolutions.com\/fr\/wp-json\/wp\/v2\/pages"}],"about":[{"href":"https:\/\/assimasolutions.com\/fr\/wp-json\/wp\/v2\/types\/page"}],"author":[{"embeddable":true,"href":"https:\/\/assimasolutions.com\/fr\/wp-json\/wp\/v2\/users\/1"}],"replies":[{"embeddable":true,"href":"https:\/\/assimasolutions.com\/fr\/wp-json\/wp\/v2\/comments?post=15494"}],"version-history":[{"count":0,"href":"https:\/\/assimasolutions.com\/fr\/wp-json\/wp\/v2\/pages\/15494\/revisions"}],"wp:attachment":[{"href":"https:\/\/assimasolutions.com\/fr\/wp-json\/wp\/v2\/media?parent=15494"}],"curies":[{"name":"wp","href":"https:\/\/api.w.org\/{rel}","templated":true}]}}