{"id":16416,"date":"2024-01-09T09:50:00","date_gmt":"2024-01-09T09:50:00","guid":{"rendered":"https:\/\/assima2022.wpengine.com\/sprechen-sie-mit-einem-experten\/"},"modified":"2025-12-12T02:36:08","modified_gmt":"2025-12-12T02:36:08","slug":"sprechen-sie-mit-einem-experten","status":"publish","type":"page","link":"https:\/\/assimasolutions.com\/de\/sprechen-sie-mit-einem-experten\/","title":{"rendered":"Sprechen Sie mit einem Experten"},"content":{"rendered":"\t\t<div data-elementor-type=\"wp-page\" data-elementor-id=\"16416\" class=\"elementor elementor-16416 elementor-533\" data-elementor-settings=\"{&quot;ha_cmc_init_switcher&quot;:&quot;no&quot;}\" data-elementor-post-type=\"page\">\n\t\t\t\t<div class=\"elementor-element elementor-element-d0f6f23 e-flex e-con-boxed e-con e-parent\" data-id=\"d0f6f23\" data-element_type=\"container\" data-settings=\"{&quot;background_background&quot;:&quot;classic&quot;,&quot;_ha_eqh_enable&quot;:false}\">\n\t\t\t\t\t<div class=\"e-con-inner\">\n\t\t\t\t<div class=\"elementor-element elementor-element-40163bc elementor-widget elementor-widget-heading\" data-id=\"40163bc\" data-element_type=\"widget\" data-widget_type=\"heading.default\">\n\t\t\t\t<div class=\"elementor-widget-container\">\n\t\t\t\t\t<h1 class=\"elementor-heading-title elementor-size-default\">Sprechen Sie mit einem Experten<\/h1>\t\t\t\t<\/div>\n\t\t\t\t<\/div>\n\t\t\t\t\t<\/div>\n\t\t\t\t<\/div>\n\t\t<div class=\"elementor-element elementor-element-add38d6 e-flex e-con-boxed e-con e-parent\" data-id=\"add38d6\" data-element_type=\"container\" data-settings=\"{&quot;_ha_eqh_enable&quot;:false}\">\n\t\t\t\t\t<div class=\"e-con-inner\">\n\t\t<div class=\"elementor-element elementor-element-4b6f716 e-flex e-con-boxed e-con e-child\" data-id=\"4b6f716\" data-element_type=\"container\" data-settings=\"{&quot;background_background&quot;:&quot;classic&quot;,&quot;_ha_eqh_enable&quot;:false}\">\n\t\t\t\t\t<div class=\"e-con-inner\">\n\t\t\t\t<div class=\"elementor-element elementor-element-a2261e5 elementor-widget__width-initial elementor-widget elementor-widget-text-editor\" data-id=\"a2261e5\" data-element_type=\"widget\" data-widget_type=\"text-editor.default\">\n\t\t\t\t<div class=\"elementor-widget-container\">\n\t\t\t\t\t\t\t\t\tHaben Sie spezielle Fragen oder ben\u00f6tigen Sie weitere Erkl\u00e4rungen dazu, wie Assima Ihrem Unternehmen helfen kann, das Lernen und die Schulung Ihrer Mitarbeiter zu optimieren?\t\t\t\t\t\t\t\t<\/div>\n\t\t\t\t<\/div>\n\t\t\t\t<div class=\"elementor-element elementor-element-8f5b225 elementor-widget__width-initial elementor-widget elementor-widget-text-editor\" data-id=\"8f5b225\" data-element_type=\"widget\" data-widget_type=\"text-editor.default\">\n\t\t\t\t<div class=\"elementor-widget-container\">\n\t\t\t\t\t\t\t\t\tF\u00fcllen Sie dieses Formular aus und ein Produktexperte wird sich direkt mit Ihnen in Verbindung setzen, um alle Ihre Fragen zu beantworten.\t\t\t\t\t\t\t\t<\/div>\n\t\t\t\t<\/div>\n\t\t\t\t<div class=\"elementor-element elementor-element-5d9a01a elementor-widget elementor-widget-image\" data-id=\"5d9a01a\" data-element_type=\"widget\" data-widget_type=\"image.default\">\n\t\t\t\t<div class=\"elementor-widget-container\">\n\t\t\t\t\t\t\t\t\t\t\t\t\t\t\t<img decoding=\"async\" width=\"65\" height=\"65\" src=\"https:\/\/assimasolutions.com\/wp-content\/uploads\/2024\/01\/cropped-assima-site-icon-2-65x65-1.png\" class=\"attachment-full size-full wp-image-12943\" alt=\"\" \/>\t\t\t\t\t\t\t\t\t\t\t\t\t\t\t<\/div>\n\t\t\t\t<\/div>\n\t\t\t\t<div class=\"elementor-element elementor-element-c58a7ef get-free-form expert elementor-widget elementor-widget-shortcode\" data-id=\"c58a7ef\" data-element_type=\"widget\" data-widget_type=\"shortcode.default\">\n\t\t\t\t<div class=\"elementor-widget-container\">\n\t\t\t\t\t\t\t<div class=\"elementor-shortcode\"><iframe aria-label='Assima Website - Book a Demo' frameborder=\"0\" style=\"height:820px;width:99%;border:none;\" src='https:\/\/forms.zohopublic.com\/alexdesmarais\/form\/AssimaWebsiteBookaDemo\/formperma\/82VZIrlBWFlCoDUZ1yfjCNVQ8jgpxaMiCsZgy7frZ38'><\/iframe><\/div>\n\t\t\t\t\t\t<\/div>\n\t\t\t\t<\/div>\n\t\t\t\t\t<\/div>\n\t\t\t\t<\/div>\n\t\t\t\t\t<\/div>\n\t\t\t\t<\/div>\n\t\t<div class=\"elementor-element elementor-element-7e30662 group_banner e-flex e-con-boxed e-con e-parent\" data-id=\"7e30662\" data-element_type=\"container\" data-settings=\"{&quot;background_background&quot;:&quot;classic&quot;,&quot;_ha_eqh_enable&quot;:false}\">\n\t\t\t\t\t<div class=\"e-con-inner\">\n\t\t<div class=\"elementor-element elementor-element-1a57d83 e-con-full e-flex e-con e-child\" data-id=\"1a57d83\" data-element_type=\"container\" data-settings=\"{&quot;_ha_eqh_enable&quot;:false}\">\n\t\t\t\t<div class=\"elementor-element elementor-element-90ab0de elementor-widget elementor-widget-heading\" data-id=\"90ab0de\" data-element_type=\"widget\" data-widget_type=\"heading.default\">\n\t\t\t\t<div class=\"elementor-widget-container\">\n\t\t\t\t\t<h2 class=\"elementor-heading-title elementor-size-default\">Bleiben Sie auf dem Laufenden mit den neuesten Nachrichten und Updates von Assima<\/h2>\t\t\t\t<\/div>\n\t\t\t\t<\/div>\n\t\t\t\t<div class=\"elementor-element elementor-element-b2079c7 elementor-align-center growBtn elementor-widget elementor-widget-button\" data-id=\"b2079c7\" data-element_type=\"widget\" data-widget_type=\"button.default\">\n\t\t\t\t<div class=\"elementor-widget-container\">\n\t\t\t\t\t\t\t\t\t<div class=\"elementor-button-wrapper\">\n\t\t\t\t\t<a class=\"elementor-button elementor-button-link elementor-size-sm\" href=\"https:\/\/assimasolutions.com\/newsletter-sign-up\/\">\n\t\t\t\t\t\t<span class=\"elementor-button-content-wrapper\">\n\t\t\t\t\t\t\t\t\t<span class=\"elementor-button-text\">Melden Sie sich f\u00fcr unseren Newsletter an<\/span>\n\t\t\t\t\t<\/span>\n\t\t\t\t\t<\/a>\n\t\t\t\t<\/div>\n\t\t\t\t\t\t\t\t<\/div>\n\t\t\t\t<\/div>\n\t\t\t\t<\/div>\n\t\t\t\t\t<\/div>\n\t\t\t\t<\/div>\n\t\t\t\t<\/div>\n\t\t","protected":false},"excerpt":{"rendered":"<p>Sprechen Sie mit einem Experten Haben Sie spezielle Fragen oder ben\u00f6tigen Sie weitere Erkl\u00e4rungen dazu, wie Assima Ihrem Unternehmen helfen kann, das Lernen und die Schulung Ihrer Mitarbeiter zu optimieren?F\u00fcllen Sie dieses Formular aus und ein Produktexperte wird sich direkt mit Ihnen in Verbindung setzen, um alle Ihre Fragen zu beantworten. Bleiben Sie auf dem [&hellip;]<\/p>\n","protected":false},"author":1,"featured_media":0,"parent":0,"menu_order":0,"comment_status":"closed","ping_status":"closed","template":"elementor_header_footer","meta":{"_acf_changed":false,"footnotes":""},"class_list":["post-16416","page","type-page","status-publish","hentry"],"acf":[],"yoast_head":"<!-- This site is optimized with the Yoast SEO plugin v27.2 - https:\/\/yoast.com\/product\/yoast-seo-wordpress\/ -->\n<title>Sprechen Sie mit einem Experten - Assima<\/title>\n<meta name=\"robots\" content=\"noindex, nofollow\" \/>\n<meta property=\"og:locale\" content=\"de_DE\" \/>\n<meta property=\"og:type\" content=\"article\" \/>\n<meta property=\"og:title\" content=\"Sprechen Sie mit einem Experten - Assima\" \/>\n<meta property=\"og:description\" content=\"Sprechen Sie mit einem Experten Haben Sie spezielle Fragen oder ben\u00f6tigen Sie weitere Erkl\u00e4rungen dazu, wie Assima Ihrem Unternehmen helfen kann, das Lernen und die Schulung Ihrer Mitarbeiter zu optimieren?F\u00fcllen Sie dieses Formular aus und ein Produktexperte wird sich direkt mit Ihnen in Verbindung setzen, um alle Ihre Fragen zu beantworten. Bleiben Sie auf dem [&hellip;]\" \/>\n<meta property=\"og:url\" content=\"https:\/\/assimasolutions.com\/de\/sprechen-sie-mit-einem-experten\/\" \/>\n<meta property=\"og:site_name\" content=\"Assima\" \/>\n<meta property=\"article:modified_time\" content=\"2025-12-12T02:36:08+00:00\" \/>\n<meta property=\"og:image\" content=\"https:\/\/assimasolutions.com\/wp-content\/uploads\/2024\/01\/cropped-assima-site-icon-2-65x65-1.png\" \/>\n<meta name=\"twitter:card\" content=\"summary_large_image\" \/>\n<script type=\"application\/ld+json\" class=\"yoast-schema-graph\">{\"@context\":\"https:\/\/schema.org\",\"@graph\":[{\"@type\":\"WebPage\",\"@id\":\"https:\/\/assimasolutions.com\/de\/sprechen-sie-mit-einem-experten\/\",\"url\":\"https:\/\/assimasolutions.com\/de\/sprechen-sie-mit-einem-experten\/\",\"name\":\"Sprechen Sie mit einem Experten - Assima\",\"isPartOf\":{\"@id\":\"https:\/\/assimasolutions.com\/de\/#website\"},\"primaryImageOfPage\":{\"@id\":\"https:\/\/assimasolutions.com\/de\/sprechen-sie-mit-einem-experten\/#primaryimage\"},\"image\":{\"@id\":\"https:\/\/assimasolutions.com\/de\/sprechen-sie-mit-einem-experten\/#primaryimage\"},\"thumbnailUrl\":\"https:\/\/assimasolutions.com\/wp-content\/uploads\/2024\/01\/cropped-assima-site-icon-2-65x65-1.png\",\"datePublished\":\"2024-01-09T09:50:00+00:00\",\"dateModified\":\"2025-12-12T02:36:08+00:00\",\"breadcrumb\":{\"@id\":\"https:\/\/assimasolutions.com\/de\/sprechen-sie-mit-einem-experten\/#breadcrumb\"},\"inLanguage\":\"de\",\"potentialAction\":[{\"@type\":\"ReadAction\",\"target\":[\"https:\/\/assimasolutions.com\/de\/sprechen-sie-mit-einem-experten\/\"]}]},{\"@type\":\"ImageObject\",\"inLanguage\":\"de\",\"@id\":\"https:\/\/assimasolutions.com\/de\/sprechen-sie-mit-einem-experten\/#primaryimage\",\"url\":\"https:\/\/assimasolutions.com\/wp-content\/uploads\/2024\/01\/cropped-assima-site-icon-2-65x65-1.png\",\"contentUrl\":\"https:\/\/assimasolutions.com\/wp-content\/uploads\/2024\/01\/cropped-assima-site-icon-2-65x65-1.png\"},{\"@type\":\"BreadcrumbList\",\"@id\":\"https:\/\/assimasolutions.com\/de\/sprechen-sie-mit-einem-experten\/#breadcrumb\",\"itemListElement\":[{\"@type\":\"ListItem\",\"position\":1,\"name\":\"Home\",\"item\":\"https:\/\/assimasolutions.com\/de\/\"},{\"@type\":\"ListItem\",\"position\":2,\"name\":\"Sprechen Sie mit einem Experten\"}]},{\"@type\":\"WebSite\",\"@id\":\"https:\/\/assimasolutions.com\/de\/#website\",\"url\":\"https:\/\/assimasolutions.com\/de\/\",\"name\":\"Assima\",\"description\":\"\",\"publisher\":{\"@id\":\"https:\/\/assimasolutions.com\/de\/#organization\"},\"potentialAction\":[{\"@type\":\"SearchAction\",\"target\":{\"@type\":\"EntryPoint\",\"urlTemplate\":\"https:\/\/assimasolutions.com\/de\/?s={search_term_string}\"},\"query-input\":{\"@type\":\"PropertyValueSpecification\",\"valueRequired\":true,\"valueName\":\"search_term_string\"}}],\"inLanguage\":\"de\"},{\"@type\":\"Organization\",\"@id\":\"https:\/\/assimasolutions.com\/de\/#organization\",\"name\":\"Assima\",\"url\":\"https:\/\/assimasolutions.com\/de\/\",\"logo\":{\"@type\":\"ImageObject\",\"inLanguage\":\"de\",\"@id\":\"https:\/\/assimasolutions.com\/de\/#\/schema\/logo\/image\/\",\"url\":\"https:\/\/assimasolutions.com\/wp-content\/uploads\/2023\/12\/logo-1.webp\",\"contentUrl\":\"https:\/\/assimasolutions.com\/wp-content\/uploads\/2023\/12\/logo-1.webp\",\"width\":159,\"height\":36,\"caption\":\"Assima\"},\"image\":{\"@id\":\"https:\/\/assimasolutions.com\/de\/#\/schema\/logo\/image\/\"}}]}<\/script>\n<!-- \/ Yoast SEO plugin. -->","yoast_head_json":{"title":"Sprechen Sie mit einem Experten - Assima","robots":{"index":"noindex","follow":"nofollow"},"og_locale":"de_DE","og_type":"article","og_title":"Sprechen Sie mit einem Experten - Assima","og_description":"Sprechen Sie mit einem Experten Haben Sie spezielle Fragen oder ben\u00f6tigen Sie weitere Erkl\u00e4rungen dazu, wie Assima Ihrem Unternehmen helfen kann, das Lernen und die Schulung Ihrer Mitarbeiter zu optimieren?F\u00fcllen Sie dieses Formular aus und ein Produktexperte wird sich direkt mit Ihnen in Verbindung setzen, um alle Ihre Fragen zu beantworten. Bleiben Sie auf dem [&hellip;]","og_url":"https:\/\/assimasolutions.com\/de\/sprechen-sie-mit-einem-experten\/","og_site_name":"Assima","article_modified_time":"2025-12-12T02:36:08+00:00","og_image":[{"url":"https:\/\/assimasolutions.com\/wp-content\/uploads\/2024\/01\/cropped-assima-site-icon-2-65x65-1.png","type":"","width":"","height":""}],"twitter_card":"summary_large_image","schema":{"@context":"https:\/\/schema.org","@graph":[{"@type":"WebPage","@id":"https:\/\/assimasolutions.com\/de\/sprechen-sie-mit-einem-experten\/","url":"https:\/\/assimasolutions.com\/de\/sprechen-sie-mit-einem-experten\/","name":"Sprechen Sie mit einem Experten - Assima","isPartOf":{"@id":"https:\/\/assimasolutions.com\/de\/#website"},"primaryImageOfPage":{"@id":"https:\/\/assimasolutions.com\/de\/sprechen-sie-mit-einem-experten\/#primaryimage"},"image":{"@id":"https:\/\/assimasolutions.com\/de\/sprechen-sie-mit-einem-experten\/#primaryimage"},"thumbnailUrl":"https:\/\/assimasolutions.com\/wp-content\/uploads\/2024\/01\/cropped-assima-site-icon-2-65x65-1.png","datePublished":"2024-01-09T09:50:00+00:00","dateModified":"2025-12-12T02:36:08+00:00","breadcrumb":{"@id":"https:\/\/assimasolutions.com\/de\/sprechen-sie-mit-einem-experten\/#breadcrumb"},"inLanguage":"de","potentialAction":[{"@type":"ReadAction","target":["https:\/\/assimasolutions.com\/de\/sprechen-sie-mit-einem-experten\/"]}]},{"@type":"ImageObject","inLanguage":"de","@id":"https:\/\/assimasolutions.com\/de\/sprechen-sie-mit-einem-experten\/#primaryimage","url":"https:\/\/assimasolutions.com\/wp-content\/uploads\/2024\/01\/cropped-assima-site-icon-2-65x65-1.png","contentUrl":"https:\/\/assimasolutions.com\/wp-content\/uploads\/2024\/01\/cropped-assima-site-icon-2-65x65-1.png"},{"@type":"BreadcrumbList","@id":"https:\/\/assimasolutions.com\/de\/sprechen-sie-mit-einem-experten\/#breadcrumb","itemListElement":[{"@type":"ListItem","position":1,"name":"Home","item":"https:\/\/assimasolutions.com\/de\/"},{"@type":"ListItem","position":2,"name":"Sprechen Sie mit einem Experten"}]},{"@type":"WebSite","@id":"https:\/\/assimasolutions.com\/de\/#website","url":"https:\/\/assimasolutions.com\/de\/","name":"Assima","description":"","publisher":{"@id":"https:\/\/assimasolutions.com\/de\/#organization"},"potentialAction":[{"@type":"SearchAction","target":{"@type":"EntryPoint","urlTemplate":"https:\/\/assimasolutions.com\/de\/?s={search_term_string}"},"query-input":{"@type":"PropertyValueSpecification","valueRequired":true,"valueName":"search_term_string"}}],"inLanguage":"de"},{"@type":"Organization","@id":"https:\/\/assimasolutions.com\/de\/#organization","name":"Assima","url":"https:\/\/assimasolutions.com\/de\/","logo":{"@type":"ImageObject","inLanguage":"de","@id":"https:\/\/assimasolutions.com\/de\/#\/schema\/logo\/image\/","url":"https:\/\/assimasolutions.com\/wp-content\/uploads\/2023\/12\/logo-1.webp","contentUrl":"https:\/\/assimasolutions.com\/wp-content\/uploads\/2023\/12\/logo-1.webp","width":159,"height":36,"caption":"Assima"},"image":{"@id":"https:\/\/assimasolutions.com\/de\/#\/schema\/logo\/image\/"}}]}},"_links":{"self":[{"href":"https:\/\/assimasolutions.com\/de\/wp-json\/wp\/v2\/pages\/16416","targetHints":{"allow":["GET"]}}],"collection":[{"href":"https:\/\/assimasolutions.com\/de\/wp-json\/wp\/v2\/pages"}],"about":[{"href":"https:\/\/assimasolutions.com\/de\/wp-json\/wp\/v2\/types\/page"}],"author":[{"embeddable":true,"href":"https:\/\/assimasolutions.com\/de\/wp-json\/wp\/v2\/users\/1"}],"replies":[{"embeddable":true,"href":"https:\/\/assimasolutions.com\/de\/wp-json\/wp\/v2\/comments?post=16416"}],"version-history":[{"count":0,"href":"https:\/\/assimasolutions.com\/de\/wp-json\/wp\/v2\/pages\/16416\/revisions"}],"wp:attachment":[{"href":"https:\/\/assimasolutions.com\/de\/wp-json\/wp\/v2\/media?parent=16416"}],"curies":[{"name":"wp","href":"https:\/\/api.w.org\/{rel}","templated":true}]}}