{"id":16401,"date":"2023-12-15T07:37:18","date_gmt":"2023-12-15T07:37:18","guid":{"rendered":"https:\/\/assima2022.wpengine.com\/zugaenglichkeit\/"},"modified":"2025-12-12T02:36:29","modified_gmt":"2025-12-12T02:36:29","slug":"zugaenglichkeit","status":"publish","type":"page","link":"https:\/\/assimasolutions.com\/de\/zugaenglichkeit\/","title":{"rendered":"Zug\u00e4nglichkeit"},"content":{"rendered":"\t\t<div data-elementor-type=\"wp-page\" data-elementor-id=\"16401\" class=\"elementor elementor-16401 elementor-63\" data-elementor-settings=\"{&quot;ha_cmc_init_switcher&quot;:&quot;no&quot;}\" data-elementor-post-type=\"page\">\n\t\t\t\t<div class=\"elementor-element elementor-element-f651193 e-ecs-flex e-flex e-con-boxed e-con e-parent\" data-id=\"f651193\" data-element_type=\"container\" data-settings=\"{&quot;background_background&quot;:&quot;classic&quot;,&quot;ecs_container_type&quot;:&quot;flex&quot;,&quot;_ha_eqh_enable&quot;:false}\">\n\t\t\t\t\t<div class=\"e-con-inner\">\n\t\t<div class=\"elementor-element elementor-element-a3a7af6 e-con-full e-ecs-flex e-flex e-con e-child\" data-id=\"a3a7af6\" data-element_type=\"container\" data-settings=\"{&quot;background_background&quot;:&quot;classic&quot;,&quot;ecs_container_type&quot;:&quot;flex&quot;,&quot;_ha_eqh_enable&quot;:false}\">\n\t\t\t\t<div class=\"elementor-element elementor-element-6e95bc1 elementor-widget__width-inherit elementor-widget elementor-widget-heading\" data-id=\"6e95bc1\" data-element_type=\"widget\" data-widget_type=\"heading.default\">\n\t\t\t\t<div class=\"elementor-widget-container\">\n\t\t\t\t\t<h1 class=\"elementor-heading-title elementor-size-default\">Zug\u00e4nglichkeitserkl\u00e4rung f\u00fcr Assima Train<\/h1>\t\t\t\t<\/div>\n\t\t\t\t<\/div>\n\t\t\t\t<\/div>\n\t\t\t\t\t<\/div>\n\t\t\t\t<\/div>\n\t\t<div class=\"elementor-element elementor-element-c1307ed e-ecs-flex e-flex e-con-boxed e-con e-parent\" data-id=\"c1307ed\" data-element_type=\"container\" data-settings=\"{&quot;ecs_container_type&quot;:&quot;flex&quot;,&quot;_ha_eqh_enable&quot;:false}\">\n\t\t\t\t\t<div class=\"e-con-inner\">\n\t\t\t\t<div class=\"elementor-element elementor-element-4abd35b elementor-widget elementor-widget-heading\" data-id=\"4abd35b\" data-element_type=\"widget\" data-widget_type=\"heading.default\">\n\t\t\t\t<div class=\"elementor-widget-container\">\n\t\t\t\t\t<h2 class=\"elementor-heading-title elementor-size-default\">Diese Erkl\u00e4rung zur Zug\u00e4nglichkeit gilt f\u00fcr den Assima Train Player.<\/h2>\t\t\t\t<\/div>\n\t\t\t\t<\/div>\n\t\t\t\t<div class=\"elementor-element elementor-element-ae9a511 elementor-widget elementor-widget-text-editor\" data-id=\"ae9a511\" data-element_type=\"widget\" data-widget_type=\"text-editor.default\">\n\t\t\t\t<div class=\"elementor-widget-container\">\n\t\t\t\t\t\t\t\t\t<p>Der Player wird von Assima betrieben. Wir m\u00f6chten, dass so viele Menschen wie m\u00f6glich diesen Player nutzen k\u00f6nnen. <\/p><p><b>Das bedeutet zum Beispiel, dass Sie dazu in der Lage sein sollten:<\/b><\/p><ul><li>Farben, Kontraststufen und Schriftarten \u00e4ndern<\/li><li>bis zu 300% zoomen, ohne dass der Text \u00fcber den Bildschirm hinausgeht<\/li><li>den gr\u00f6\u00dften Teil des Players nur mit der Tastatur zu bedienen<\/li><li>den gr\u00f6\u00dften Teil des Players mit Hilfe von Spracherkennungssoftware steuern<\/li><li>den gr\u00f6\u00dften Teil des Players mit einem Bildschirmleseger\u00e4t (einschlie\u00dflich der neuesten Versionen von JAWS, NVDA und VoiceOver) anh\u00f6ren<\/li><\/ul><p>Wir haben auch den Spielertext so einfach wie m\u00f6glich gestaltet.<\/p><p><a href=\"https:\/\/mcmw.abilitynet.org.uk\/\">AbilityNet<\/a> gibt Ratschl\u00e4ge, wie Sie Ihr Ger\u00e4t einfacher bedienen k\u00f6nnen, wenn Sie eine Behinderung haben.<\/p>\t\t\t\t\t\t\t\t<\/div>\n\t\t\t\t<\/div>\n\t\t\t\t<div class=\"elementor-element elementor-element-c39f0be elementor-widget elementor-widget-text-editor\" data-id=\"c39f0be\" data-element_type=\"widget\" data-widget_type=\"text-editor.default\">\n\t\t\t\t<div class=\"elementor-widget-container\">\n\t\t\t\t\t\t\t\t\t<p>Wie zug\u00e4nglich ist der Assima Train Spieler<\/p><ul><li>Der Text wird umbrochen, wenn Sie die Gr\u00f6\u00dfe des Browserfensters \u00e4ndern<\/li><li>Schaltfl\u00e4chen und Beschriftungen werden Benutzern von Bildschirmleseger\u00e4ten angezeigt<\/li><li>Aktualisierungen der Statusmeldungen werden angek\u00fcndigt, wenn sich der Status auf der Seite \u00e4ndert.<\/li><li>Der Inhalt erf\u00fcllt die Mindestkontrastwerte f\u00fcr den Text auf der Seite oder \u00fcbertrifft diese.<\/li><\/ul><p>Feedback und Kontaktinformationen<br>Wenn Sie Informationen zu diesem Player in einem anderen Format ben\u00f6tigen, z. B. als barrierefreie PDF-Datei, in Gro\u00dfdruck oder als leicht lesbare Datei:<\/p><ul><li>E-Mail: info@assima.net<\/li><li>Rufen Sie an: +1 909 300 3904 (Nordamerika) \/ +44 (0) 161 768<br>2368 (EMEA)<\/li><li><a href=\"https:\/\/assimasolutions.com\/company\/contact-us\/\">Kontakt-Formular<\/a><\/li><\/ul><p>Wir werden Ihre Anfrage pr\u00fcfen und uns so schnell wie m\u00f6glich bei Ihnen melden.<\/p><p>Technische Informationen \u00fcber die Zug\u00e4nglichkeit des Assima Train Players<\/p><p>Konformit\u00e4tsstatus<br>Der Player ist vollst\u00e4ndig konform mit dem Standard Web Content Accessibility Guidelines Version 2.1 AA.<\/p><p>Erstellung dieser Zug\u00e4nglichkeitserkl\u00e4rung<br>Diese Erkl\u00e4rung wurde am 18\/11\/2022 erstellt. Sie wurde zuletzt am 18\/11\/2022 \u00fcberpr\u00fcft<br>Diese Website wurde zuletzt am 02\/11\/2022 getestet. Der Test wurde von Zoonou durchgef\u00fchrt.<br>Zoonou verwendete die WCAG-EM, um die getesteten Seiten und den Testansatz zu definieren.  <\/p>\t\t\t\t\t\t\t\t<\/div>\n\t\t\t\t<\/div>\n\t\t\t\t<div class=\"elementor-element elementor-element-249a2df elementor-widget elementor-widget-image\" data-id=\"249a2df\" data-element_type=\"widget\" data-widget_type=\"image.default\">\n\t\t\t\t<div class=\"elementor-widget-container\">\n\t\t\t\t\t\t\t\t\t\t\t\t\t\t\t<img decoding=\"async\" width=\"157\" height=\"131\" src=\"https:\/\/assimasolutions.com\/wp-content\/uploads\/2024\/01\/2023-08-22-20_30_27-Accessibility-Statement-Assima-Marketing-Materials-Google-Drive.png\" class=\"attachment-full size-full wp-image-12999\" alt=\"\" \/>\t\t\t\t\t\t\t\t\t\t\t\t\t\t\t<\/div>\n\t\t\t\t<\/div>\n\t\t\t\t<div class=\"elementor-element elementor-element-8d9a4d3 elementor-widget elementor-widget-text-editor\" data-id=\"8d9a4d3\" data-element_type=\"widget\" data-widget_type=\"text-editor.default\">\n\t\t\t\t<div class=\"elementor-widget-container\">\n\t\t\t\t\t\t\t\t\t<p>\u00a9 Copyright 2023 Zoonou Ltd.<\/p><p>Alle Rechte vorbehalten<br><a href=\"https:\/\/zoonou.com\/privacy-notice\/\">Datenschutz<\/a><br><a href=\"https:\/\/zoonou.com\/our-policies\/#quality-policy\">Qualit\u00e4tspolitik<\/a><br><a href=\"https:\/\/zoonou.com\/accessibility-statement\/\">Erkl\u00e4rung zur Barrierefreiheit<\/a><\/p>\t\t\t\t\t\t\t\t<\/div>\n\t\t\t\t<\/div>\n\t\t\t\t\t<\/div>\n\t\t\t\t<\/div>\n\t\t\t\t<\/div>\n\t\t","protected":false},"excerpt":{"rendered":"<p>Zug\u00e4nglichkeitserkl\u00e4rung f\u00fcr Assima Train Diese Erkl\u00e4rung zur Zug\u00e4nglichkeit gilt f\u00fcr den Assima Train Player. Der Player wird von Assima betrieben. Wir m\u00f6chten, dass so viele Menschen wie m\u00f6glich diesen Player nutzen k\u00f6nnen. Das bedeutet zum Beispiel, dass Sie dazu in der Lage sein sollten: Farben, Kontraststufen und Schriftarten \u00e4ndern bis zu 300% zoomen, ohne dass [&hellip;]<\/p>\n","protected":false},"author":1,"featured_media":0,"parent":0,"menu_order":0,"comment_status":"closed","ping_status":"closed","template":"elementor_header_footer","meta":{"_acf_changed":false,"footnotes":""},"class_list":["post-16401","page","type-page","status-publish","hentry"],"acf":[],"yoast_head":"<!-- This site is optimized with the Yoast SEO plugin v27.2 - https:\/\/yoast.com\/product\/yoast-seo-wordpress\/ -->\n<title>Assima Erkl\u00e4rung zur Barrierefreiheit | Inklusive digitaler Zugang<\/title>\n<meta name=\"description\" content=\"Lesen Sie die Erkl\u00e4rung zur Barrierefreiheit von Assima, um zu verstehen, wie wir uns f\u00fcr ein inklusives und zug\u00e4ngliches digitales Erlebnis f\u00fcr alle Nutzer einsetzen.\" \/>\n<meta name=\"robots\" content=\"index, follow, max-snippet:-1, max-image-preview:large, max-video-preview:-1\" \/>\n<link rel=\"canonical\" href=\"https:\/\/assimasolutions.com\/de\/zugaenglichkeit\/\" \/>\n<meta property=\"og:locale\" content=\"de_DE\" \/>\n<meta property=\"og:type\" content=\"article\" \/>\n<meta property=\"og:title\" content=\"Assima Erkl\u00e4rung zur Barrierefreiheit | Inklusive digitaler Zugang\" \/>\n<meta property=\"og:description\" content=\"Lesen Sie die Erkl\u00e4rung zur Barrierefreiheit von Assima, um zu verstehen, wie wir uns f\u00fcr ein inklusives und zug\u00e4ngliches digitales Erlebnis f\u00fcr alle Nutzer einsetzen.\" \/>\n<meta property=\"og:url\" content=\"https:\/\/assimasolutions.com\/de\/zugaenglichkeit\/\" \/>\n<meta property=\"og:site_name\" content=\"Assima\" \/>\n<meta property=\"article:modified_time\" content=\"2025-12-12T02:36:29+00:00\" \/>\n<meta property=\"og:image\" content=\"https:\/\/assimasolutions.com\/wp-content\/uploads\/2024\/01\/2023-08-22-20_30_27-Accessibility-Statement-Assima-Marketing-Materials-Google-Drive.png\" \/>\n<meta name=\"twitter:card\" content=\"summary_large_image\" \/>\n<meta name=\"twitter:label1\" content=\"Est. reading time\" \/>\n\t<meta name=\"twitter:data1\" content=\"2\u00a0Minuten\" \/>\n<script type=\"application\/ld+json\" class=\"yoast-schema-graph\">{\"@context\":\"https:\/\/schema.org\",\"@graph\":[{\"@type\":\"WebPage\",\"@id\":\"https:\/\/assimasolutions.com\/de\/zugaenglichkeit\/\",\"url\":\"https:\/\/assimasolutions.com\/de\/zugaenglichkeit\/\",\"name\":\"Assima Erkl\u00e4rung zur Barrierefreiheit | Inklusive digitaler Zugang\",\"isPartOf\":{\"@id\":\"https:\/\/assimasolutions.com\/de\/#website\"},\"primaryImageOfPage\":{\"@id\":\"https:\/\/assimasolutions.com\/de\/zugaenglichkeit\/#primaryimage\"},\"image\":{\"@id\":\"https:\/\/assimasolutions.com\/de\/zugaenglichkeit\/#primaryimage\"},\"thumbnailUrl\":\"https:\/\/assimasolutions.com\/wp-content\/uploads\/2024\/01\/2023-08-22-20_30_27-Accessibility-Statement-Assima-Marketing-Materials-Google-Drive.png\",\"datePublished\":\"2023-12-15T07:37:18+00:00\",\"dateModified\":\"2025-12-12T02:36:29+00:00\",\"description\":\"Lesen Sie die Erkl\u00e4rung zur Barrierefreiheit von Assima, um zu verstehen, wie wir uns f\u00fcr ein inklusives und zug\u00e4ngliches digitales Erlebnis f\u00fcr alle Nutzer einsetzen.\",\"breadcrumb\":{\"@id\":\"https:\/\/assimasolutions.com\/de\/zugaenglichkeit\/#breadcrumb\"},\"inLanguage\":\"de\",\"potentialAction\":[{\"@type\":\"ReadAction\",\"target\":[\"https:\/\/assimasolutions.com\/de\/zugaenglichkeit\/\"]}]},{\"@type\":\"ImageObject\",\"inLanguage\":\"de\",\"@id\":\"https:\/\/assimasolutions.com\/de\/zugaenglichkeit\/#primaryimage\",\"url\":\"https:\/\/assimasolutions.com\/wp-content\/uploads\/2024\/01\/2023-08-22-20_30_27-Accessibility-Statement-Assima-Marketing-Materials-Google-Drive.png\",\"contentUrl\":\"https:\/\/assimasolutions.com\/wp-content\/uploads\/2024\/01\/2023-08-22-20_30_27-Accessibility-Statement-Assima-Marketing-Materials-Google-Drive.png\"},{\"@type\":\"BreadcrumbList\",\"@id\":\"https:\/\/assimasolutions.com\/de\/zugaenglichkeit\/#breadcrumb\",\"itemListElement\":[{\"@type\":\"ListItem\",\"position\":1,\"name\":\"Home\",\"item\":\"https:\/\/assimasolutions.com\/de\/\"},{\"@type\":\"ListItem\",\"position\":2,\"name\":\"Zug\u00e4nglichkeit\"}]},{\"@type\":\"WebSite\",\"@id\":\"https:\/\/assimasolutions.com\/de\/#website\",\"url\":\"https:\/\/assimasolutions.com\/de\/\",\"name\":\"Assima\",\"description\":\"\",\"publisher\":{\"@id\":\"https:\/\/assimasolutions.com\/de\/#organization\"},\"potentialAction\":[{\"@type\":\"SearchAction\",\"target\":{\"@type\":\"EntryPoint\",\"urlTemplate\":\"https:\/\/assimasolutions.com\/de\/?s={search_term_string}\"},\"query-input\":{\"@type\":\"PropertyValueSpecification\",\"valueRequired\":true,\"valueName\":\"search_term_string\"}}],\"inLanguage\":\"de\"},{\"@type\":\"Organization\",\"@id\":\"https:\/\/assimasolutions.com\/de\/#organization\",\"name\":\"Assima\",\"url\":\"https:\/\/assimasolutions.com\/de\/\",\"logo\":{\"@type\":\"ImageObject\",\"inLanguage\":\"de\",\"@id\":\"https:\/\/assimasolutions.com\/de\/#\/schema\/logo\/image\/\",\"url\":\"https:\/\/assimasolutions.com\/wp-content\/uploads\/2023\/12\/logo-1.webp\",\"contentUrl\":\"https:\/\/assimasolutions.com\/wp-content\/uploads\/2023\/12\/logo-1.webp\",\"width\":159,\"height\":36,\"caption\":\"Assima\"},\"image\":{\"@id\":\"https:\/\/assimasolutions.com\/de\/#\/schema\/logo\/image\/\"}}]}<\/script>\n<!-- \/ Yoast SEO plugin. -->","yoast_head_json":{"title":"Assima Erkl\u00e4rung zur Barrierefreiheit | Inklusive digitaler Zugang","description":"Lesen Sie die Erkl\u00e4rung zur Barrierefreiheit von Assima, um zu verstehen, wie wir uns f\u00fcr ein inklusives und zug\u00e4ngliches digitales Erlebnis f\u00fcr alle Nutzer einsetzen.","robots":{"index":"index","follow":"follow","max-snippet":"max-snippet:-1","max-image-preview":"max-image-preview:large","max-video-preview":"max-video-preview:-1"},"canonical":"https:\/\/assimasolutions.com\/de\/zugaenglichkeit\/","og_locale":"de_DE","og_type":"article","og_title":"Assima Erkl\u00e4rung zur Barrierefreiheit | Inklusive digitaler Zugang","og_description":"Lesen Sie die Erkl\u00e4rung zur Barrierefreiheit von Assima, um zu verstehen, wie wir uns f\u00fcr ein inklusives und zug\u00e4ngliches digitales Erlebnis f\u00fcr alle Nutzer einsetzen.","og_url":"https:\/\/assimasolutions.com\/de\/zugaenglichkeit\/","og_site_name":"Assima","article_modified_time":"2025-12-12T02:36:29+00:00","og_image":[{"url":"https:\/\/assimasolutions.com\/wp-content\/uploads\/2024\/01\/2023-08-22-20_30_27-Accessibility-Statement-Assima-Marketing-Materials-Google-Drive.png","type":"","width":"","height":""}],"twitter_card":"summary_large_image","twitter_misc":{"Est. reading time":"2\u00a0Minuten"},"schema":{"@context":"https:\/\/schema.org","@graph":[{"@type":"WebPage","@id":"https:\/\/assimasolutions.com\/de\/zugaenglichkeit\/","url":"https:\/\/assimasolutions.com\/de\/zugaenglichkeit\/","name":"Assima Erkl\u00e4rung zur Barrierefreiheit | Inklusive digitaler Zugang","isPartOf":{"@id":"https:\/\/assimasolutions.com\/de\/#website"},"primaryImageOfPage":{"@id":"https:\/\/assimasolutions.com\/de\/zugaenglichkeit\/#primaryimage"},"image":{"@id":"https:\/\/assimasolutions.com\/de\/zugaenglichkeit\/#primaryimage"},"thumbnailUrl":"https:\/\/assimasolutions.com\/wp-content\/uploads\/2024\/01\/2023-08-22-20_30_27-Accessibility-Statement-Assima-Marketing-Materials-Google-Drive.png","datePublished":"2023-12-15T07:37:18+00:00","dateModified":"2025-12-12T02:36:29+00:00","description":"Lesen Sie die Erkl\u00e4rung zur Barrierefreiheit von Assima, um zu verstehen, wie wir uns f\u00fcr ein inklusives und zug\u00e4ngliches digitales Erlebnis f\u00fcr alle Nutzer einsetzen.","breadcrumb":{"@id":"https:\/\/assimasolutions.com\/de\/zugaenglichkeit\/#breadcrumb"},"inLanguage":"de","potentialAction":[{"@type":"ReadAction","target":["https:\/\/assimasolutions.com\/de\/zugaenglichkeit\/"]}]},{"@type":"ImageObject","inLanguage":"de","@id":"https:\/\/assimasolutions.com\/de\/zugaenglichkeit\/#primaryimage","url":"https:\/\/assimasolutions.com\/wp-content\/uploads\/2024\/01\/2023-08-22-20_30_27-Accessibility-Statement-Assima-Marketing-Materials-Google-Drive.png","contentUrl":"https:\/\/assimasolutions.com\/wp-content\/uploads\/2024\/01\/2023-08-22-20_30_27-Accessibility-Statement-Assima-Marketing-Materials-Google-Drive.png"},{"@type":"BreadcrumbList","@id":"https:\/\/assimasolutions.com\/de\/zugaenglichkeit\/#breadcrumb","itemListElement":[{"@type":"ListItem","position":1,"name":"Home","item":"https:\/\/assimasolutions.com\/de\/"},{"@type":"ListItem","position":2,"name":"Zug\u00e4nglichkeit"}]},{"@type":"WebSite","@id":"https:\/\/assimasolutions.com\/de\/#website","url":"https:\/\/assimasolutions.com\/de\/","name":"Assima","description":"","publisher":{"@id":"https:\/\/assimasolutions.com\/de\/#organization"},"potentialAction":[{"@type":"SearchAction","target":{"@type":"EntryPoint","urlTemplate":"https:\/\/assimasolutions.com\/de\/?s={search_term_string}"},"query-input":{"@type":"PropertyValueSpecification","valueRequired":true,"valueName":"search_term_string"}}],"inLanguage":"de"},{"@type":"Organization","@id":"https:\/\/assimasolutions.com\/de\/#organization","name":"Assima","url":"https:\/\/assimasolutions.com\/de\/","logo":{"@type":"ImageObject","inLanguage":"de","@id":"https:\/\/assimasolutions.com\/de\/#\/schema\/logo\/image\/","url":"https:\/\/assimasolutions.com\/wp-content\/uploads\/2023\/12\/logo-1.webp","contentUrl":"https:\/\/assimasolutions.com\/wp-content\/uploads\/2023\/12\/logo-1.webp","width":159,"height":36,"caption":"Assima"},"image":{"@id":"https:\/\/assimasolutions.com\/de\/#\/schema\/logo\/image\/"}}]}},"_links":{"self":[{"href":"https:\/\/assimasolutions.com\/de\/wp-json\/wp\/v2\/pages\/16401","targetHints":{"allow":["GET"]}}],"collection":[{"href":"https:\/\/assimasolutions.com\/de\/wp-json\/wp\/v2\/pages"}],"about":[{"href":"https:\/\/assimasolutions.com\/de\/wp-json\/wp\/v2\/types\/page"}],"author":[{"embeddable":true,"href":"https:\/\/assimasolutions.com\/de\/wp-json\/wp\/v2\/users\/1"}],"replies":[{"embeddable":true,"href":"https:\/\/assimasolutions.com\/de\/wp-json\/wp\/v2\/comments?post=16401"}],"version-history":[{"count":0,"href":"https:\/\/assimasolutions.com\/de\/wp-json\/wp\/v2\/pages\/16401\/revisions"}],"wp:attachment":[{"href":"https:\/\/assimasolutions.com\/de\/wp-json\/wp\/v2\/media?parent=16401"}],"curies":[{"name":"wp","href":"https:\/\/api.w.org\/{rel}","templated":true}]}}