{"id":15558,"date":"2025-06-23T06:24:41","date_gmt":"2025-06-23T05:24:41","guid":{"rendered":"https:\/\/assima2022.wpengine.com\/partner\/anrufsimulator-partner-seite\/"},"modified":"2025-12-12T02:33:27","modified_gmt":"2025-12-12T02:33:27","slug":"anrufsimulator-partner-seite","status":"publish","type":"page","link":"https:\/\/assimasolutions.com\/de\/partner\/anrufsimulator-partner-seite\/","title":{"rendered":"Anrufsimulator Partner Seite"},"content":{"rendered":"\t\t<div data-elementor-type=\"wp-page\" data-elementor-id=\"15558\" class=\"elementor elementor-15558 elementor-11979\" data-elementor-settings=\"{&quot;ha_cmc_init_switcher&quot;:&quot;no&quot;}\" data-elementor-post-type=\"page\">\n\t\t\t\t<div class=\"elementor-element elementor-element-381f656 e-flex e-con-boxed e-con e-parent\" data-id=\"381f656\" data-element_type=\"container\" data-settings=\"{&quot;background_background&quot;:&quot;classic&quot;,&quot;_ha_eqh_enable&quot;:false}\">\n\t\t\t\t\t<div class=\"e-con-inner\">\n\t\t\t\t<div class=\"elementor-element elementor-element-58860e5 elementor-widget elementor-widget-image\" data-id=\"58860e5\" data-element_type=\"widget\" data-widget_type=\"image.default\">\n\t\t\t\t<div class=\"elementor-widget-container\">\n\t\t\t\t\t\t\t\t\t\t\t\t\t\t\t<img fetchpriority=\"high\" decoding=\"async\" width=\"974\" height=\"654\" src=\"https:\/\/assimasolutions.com\/wp-content\/uploads\/2025\/06\/image-6.png\" class=\"attachment-full size-full wp-image-15077\" alt=\"\" srcset=\"https:\/\/assimasolutions.com\/wp-content\/uploads\/2025\/06\/image-6.png 974w, https:\/\/assimasolutions.com\/wp-content\/uploads\/2025\/06\/image-6-300x201.png 300w, https:\/\/assimasolutions.com\/wp-content\/uploads\/2025\/06\/image-6-768x516.png 768w, https:\/\/assimasolutions.com\/wp-content\/uploads\/2025\/06\/image-6-150x101.png 150w\" sizes=\"(max-width: 974px) 100vw, 974px\" \/>\t\t\t\t\t\t\t\t\t\t\t\t\t\t\t<\/div>\n\t\t\t\t<\/div>\n\t\t\t\t\t<\/div>\n\t\t\t\t<\/div>\n\t\t<div class=\"elementor-element elementor-element-3f68335 e-flex e-con-boxed e-con e-parent\" data-id=\"3f68335\" data-element_type=\"container\" data-settings=\"{&quot;_ha_eqh_enable&quot;:false}\">\n\t\t\t\t\t<div class=\"e-con-inner\">\n\t\t\t\t<div class=\"elementor-element elementor-element-215ea19 heading-assima-grad elementor-widget elementor-widget-heading\" data-id=\"215ea19\" data-element_type=\"widget\" data-widget_type=\"heading.default\">\n\t\t\t\t<div class=\"elementor-widget-container\">\n\t\t\t\t\t<h2 class=\"elementor-heading-title elementor-size-default\">Assima und Call Simulator\u2122 vereinen sich, um das Telefontraining mit KI und interaktiven Lektionen am Bildschirm zu ver\u00e4ndern.<\/h2>\t\t\t\t<\/div>\n\t\t\t\t<\/div>\n\t\t\t\t<div class=\"elementor-element elementor-element-3cf9375 elementor-widget elementor-widget-text-editor\" data-id=\"3cf9375\" data-element_type=\"widget\" data-widget_type=\"text-editor.default\">\n\t\t\t\t<div class=\"elementor-widget-container\">\n\t\t\t\t\t\t\t\t\t<p>In Verbindung mit Assima bietet die erstklassige Konversationstrainingstechnologie von Call Simulator\u2122 einen erheblichen Mehrwert f\u00fcr die Lern- und Entwicklungsbed\u00fcrfnisse Ihres Unternehmens. So k\u00f6nnen Organisationen das Beste aus ihren L&amp;D-Investitionen herausholen und unternehmensweit sinnvolle Ergebnisse erzielen. Ihre Teammitglieder erlernen und festigen die f\u00fcr das aktive Zuh\u00f6ren und die Gespr\u00e4chsf\u00fchrung erforderlichen F\u00e4higkeiten, w\u00e4hrend sie durch die simulierte(n) Anwendung(en) von Assima auf dem Bildschirm navigieren. <\/p>\t\t\t\t\t\t\t\t<\/div>\n\t\t\t\t<\/div>\n\t\t<div class=\"elementor-element elementor-element-04e01f7 e-con-full e-flex e-con e-child\" data-id=\"04e01f7\" data-element_type=\"container\" data-settings=\"{&quot;_ha_eqh_enable&quot;:false}\">\n\t\t<div data-ha-element-link=\"{&quot;url&quot;:&quot;#elementor-action%3Aaction%3Dpopup%3Aopen%26settings%3DeyJpZCI6IjExOTgzIiwidG9nZ2xlIjpmYWxzZX0%3D&quot;,&quot;is_external&quot;:&quot;&quot;,&quot;nofollow&quot;:&quot;&quot;}\" style=\"cursor: pointer\" class=\"elementor-element elementor-element-119a232 e-con-full e-flex e-con e-child\" data-id=\"119a232\" data-element_type=\"container\" data-settings=\"{&quot;background_background&quot;:&quot;classic&quot;,&quot;_ha_eqh_enable&quot;:false}\">\n\t\t\t\t<\/div>\n\t\t<div class=\"elementor-element elementor-element-e98ab4d e-con-full e-flex e-con e-child\" data-id=\"e98ab4d\" data-element_type=\"container\" data-settings=\"{&quot;background_background&quot;:&quot;classic&quot;,&quot;_ha_eqh_enable&quot;:false}\">\n\t\t\t\t<div class=\"elementor-element elementor-element-fd2d2d2 elementor-widget elementor-widget-image\" data-id=\"fd2d2d2\" data-element_type=\"widget\" data-widget_type=\"image.default\">\n\t\t\t\t<div class=\"elementor-widget-container\">\n\t\t\t\t\t\t\t\t\t\t\t\t\t\t\t<img decoding=\"async\" width=\"83\" height=\"74\" src=\"https:\/\/assimasolutions.com\/wp-content\/uploads\/2025\/06\/stars-1.png\" class=\"attachment-thumbnail size-thumbnail wp-image-15075\" alt=\"Star sprite\" \/>\t\t\t\t\t\t\t\t\t\t\t\t\t\t\t<\/div>\n\t\t\t\t<\/div>\n\t\t\t\t<div class=\"elementor-element elementor-element-50a5cbf elementor-widget elementor-widget-text-editor\" data-id=\"50a5cbf\" data-element_type=\"widget\" data-widget_type=\"text-editor.default\">\n\t\t\t\t<div class=\"elementor-widget-container\">\n\t\t\t\t\t\t\t\t\t<p>Call Simulator\u2122 ist eine KI-gest\u00fctzte, szenariobasierte Trainingsplattform, die das \u00dcben kritischer Gespr\u00e4che in gro\u00dfem Umfang erm\u00f6glicht. Mit Call Simulator\u2122 k\u00f6nnen L&amp;D-Fachleute und Trainer auf einfache Weise Inhalte erstellen, bearbeiten und iterieren und eine immersive, konversationsbasierte Schulungsumgebung f\u00fcr Lernende aller Niveaus in verschiedenen Branchen und in 16 globalen Sprachen bereitstellen. <\/p><p>Der Call Simulator\u2122 bietet derzeit sowohl Vertriebs- als auch Supportschulungen f\u00fcr Fortune 500-Unternehmen aus den Bereichen Gesundheitswesen, Versicherungen, Banken\/Finanzen, Fluggesellschaften, Schifffahrt und Konsumg\u00fcter an.<\/p>\t\t\t\t\t\t\t\t<\/div>\n\t\t\t\t<\/div>\n\t\t\t\t<\/div>\n\t\t\t\t<\/div>\n\t\t\t\t\t<\/div>\n\t\t\t\t<\/div>\n\t\t<div class=\"elementor-element elementor-element-e709a6e assima-bg-grad2 e-flex e-con-boxed e-con e-parent\" data-id=\"e709a6e\" data-element_type=\"container\" data-settings=\"{&quot;background_background&quot;:&quot;gradient&quot;,&quot;_ha_eqh_enable&quot;:false}\">\n\t\t\t\t\t<div class=\"e-con-inner\">\n\t\t<div class=\"elementor-element elementor-element-17e2de5 e-con-full e-flex e-con e-child\" data-id=\"17e2de5\" data-element_type=\"container\" data-settings=\"{&quot;_ha_eqh_enable&quot;:false}\">\n\t\t\t\t<div class=\"elementor-element elementor-element-00479b8 elementor-widget elementor-widget-text-editor\" data-id=\"00479b8\" data-element_type=\"widget\" data-widget_type=\"text-editor.default\">\n\t\t\t\t<div class=\"elementor-widget-container\">\n\t\t\t\t\t\t\t\t\t<p>Ein Fortune 50-Kunde meldete vor kurzem eine 97%ige Verringerung des &#8222;Bedarfs an Unterst\u00fctzung&#8220; bei neuen Mitarbeitern sowie eine \u00fcber 50%ige Verringerung der Wartezeiten und Weiterleitungen, nachdem er den Call Simulator\u2122 in sein Schulungsprogramm aufgenommen hatte.<\/p>\t\t\t\t\t\t\t\t<\/div>\n\t\t\t\t<\/div>\n\t\t\t\t<\/div>\n\t\t\t\t\t<\/div>\n\t\t\t\t<\/div>\n\t\t<div class=\"elementor-element elementor-element-cbc4b4e e-flex e-con-boxed e-con e-parent\" data-id=\"cbc4b4e\" data-element_type=\"container\" data-settings=\"{&quot;_ha_eqh_enable&quot;:false}\">\n\t\t\t\t\t<div class=\"e-con-inner\">\n\t\t<div class=\"elementor-element elementor-element-3d8f3a5 e-con-full e-flex e-con e-child\" data-id=\"3d8f3a5\" data-element_type=\"container\" data-settings=\"{&quot;background_background&quot;:&quot;classic&quot;,&quot;_ha_eqh_enable&quot;:false}\">\n\t\t\t\t<div class=\"elementor-element elementor-element-af0cf49 elementor-widget elementor-widget-image\" data-id=\"af0cf49\" data-element_type=\"widget\" data-widget_type=\"image.default\">\n\t\t\t\t<div class=\"elementor-widget-container\">\n\t\t\t\t\t\t\t\t\t\t\t\t\t\t\t<img decoding=\"async\" width=\"83\" height=\"74\" src=\"https:\/\/assimasolutions.com\/wp-content\/uploads\/2025\/06\/stars-1.png\" class=\"attachment-thumbnail size-thumbnail wp-image-15075\" alt=\"Star sprite\" \/>\t\t\t\t\t\t\t\t\t\t\t\t\t\t\t<\/div>\n\t\t\t\t<\/div>\n\t\t\t\t<div class=\"elementor-element elementor-element-ca468ab elementor-widget elementor-widget-text-editor\" data-id=\"ca468ab\" data-element_type=\"widget\" data-widget_type=\"text-editor.default\">\n\t\t\t\t<div class=\"elementor-widget-container\">\n\t\t\t\t\t\t\t\t\t<p>Die Kombination von Call Simulator und Assimas individuellen szenariobasierten Lerntechnologien hat mehreren globalen Unternehmen dabei geholfen, das Onboarding von Mitarbeitern durch die Implementierung einer immersiven und fesselnden Lernerfahrung zu verbessern.<\/p><p>Wenn Sie vom ersten Tag an vollst\u00e4ndig vorbereitete Mitarbeiter haben m\u00f6chten, kontaktieren Sie die Experten von Call Simulator \u00fcber die untenstehenden Links.<\/p>\t\t\t\t\t\t\t\t<\/div>\n\t\t\t\t<\/div>\n\t\t<div class=\"elementor-element elementor-element-5601d5a e-con-full e-flex e-con e-child\" data-id=\"5601d5a\" data-element_type=\"container\" data-settings=\"{&quot;_ha_eqh_enable&quot;:false}\">\n\t\t\t\t<div data-ha-element-link=\"{&quot;url&quot;:&quot;https:\\\/\\\/callsimulator.com\\\/features\\\/&quot;,&quot;is_external&quot;:&quot;on&quot;,&quot;nofollow&quot;:&quot;on&quot;}\" style=\"cursor: pointer\" class=\"elementor-element elementor-element-2c66f0f elementor-widget elementor-widget-image\" data-id=\"2c66f0f\" data-element_type=\"widget\" data-widget_type=\"image.default\">\n\t\t\t\t<div class=\"elementor-widget-container\">\n\t\t\t\t\t\t\t\t\t\t\t\t\t\t\t<img decoding=\"async\" width=\"50\" height=\"50\" src=\"https:\/\/assimasolutions.com\/wp-content\/uploads\/2025\/06\/website-1.svg\" class=\"attachment-large size-large wp-image-15063\" alt=\"Website\" \/>\t\t\t\t\t\t\t\t\t\t\t\t\t\t\t<\/div>\n\t\t\t\t<\/div>\n\t\t\t\t<div data-ha-element-link=\"{&quot;url&quot;:&quot;https:\\\/\\\/www.linkedin.com\\\/company\\\/call-simulator\\\/&quot;,&quot;is_external&quot;:&quot;on&quot;,&quot;nofollow&quot;:&quot;on&quot;}\" style=\"cursor: pointer\" class=\"elementor-element elementor-element-ff83faf elementor-widget elementor-widget-image\" data-id=\"ff83faf\" data-element_type=\"widget\" data-widget_type=\"image.default\">\n\t\t\t\t<div class=\"elementor-widget-container\">\n\t\t\t\t\t\t\t\t\t\t\t\t\t\t\t<img loading=\"lazy\" decoding=\"async\" width=\"50\" height=\"50\" src=\"https:\/\/assimasolutions.com\/wp-content\/uploads\/2025\/06\/linkedin-4.svg\" class=\"attachment-large size-large wp-image-15065\" alt=\"Linkedin\" \/>\t\t\t\t\t\t\t\t\t\t\t\t\t\t\t<\/div>\n\t\t\t\t<\/div>\n\t\t\t\t<\/div>\n\t\t\t\t<\/div>\n\t\t<div class=\"elementor-element elementor-element-97d5aeb e-con-full e-flex e-con e-child\" data-id=\"97d5aeb\" data-element_type=\"container\" data-settings=\"{&quot;_ha_eqh_enable&quot;:false}\">\n\t\t\t\t<div class=\"elementor-element elementor-element-d96c822 elementor-widget elementor-widget-image\" data-id=\"d96c822\" data-element_type=\"widget\" data-widget_type=\"image.default\">\n\t\t\t\t<div class=\"elementor-widget-container\">\n\t\t\t\t\t\t\t\t\t\t\t\t\t\t\t<img loading=\"lazy\" decoding=\"async\" width=\"710\" height=\"553\" src=\"https:\/\/assimasolutions.com\/wp-content\/uploads\/2025\/06\/call-simulator-assima-partnership.png\" class=\"attachment-large size-large wp-image-14709\" alt=\"call-simulator-assima-partnership\" srcset=\"https:\/\/assimasolutions.com\/wp-content\/uploads\/2025\/06\/call-simulator-assima-partnership.png 710w, https:\/\/assimasolutions.com\/wp-content\/uploads\/2025\/06\/call-simulator-assima-partnership-300x234.png 300w, https:\/\/assimasolutions.com\/wp-content\/uploads\/2025\/06\/call-simulator-assima-partnership-150x117.png 150w\" sizes=\"(max-width: 710px) 100vw, 710px\" \/>\t\t\t\t\t\t\t\t\t\t\t\t\t\t\t<\/div>\n\t\t\t\t<\/div>\n\t\t\t\t<\/div>\n\t\t\t\t\t<\/div>\n\t\t\t\t<\/div>\n\t\t\t\t<\/div>\n\t\t","protected":false},"excerpt":{"rendered":"<p>Assima und Call Simulator\u2122 vereinen sich, um das Telefontraining mit KI und interaktiven Lektionen am Bildschirm zu ver\u00e4ndern. In Verbindung mit Assima bietet die erstklassige Konversationstrainingstechnologie von Call Simulator\u2122 einen erheblichen Mehrwert f\u00fcr die Lern- und Entwicklungsbed\u00fcrfnisse Ihres Unternehmens. So k\u00f6nnen Organisationen das Beste aus ihren L&amp;D-Investitionen herausholen und unternehmensweit sinnvolle Ergebnisse erzielen. Ihre Teammitglieder [&hellip;]<\/p>\n","protected":false},"author":9,"featured_media":0,"parent":15541,"menu_order":0,"comment_status":"closed","ping_status":"closed","template":"","meta":{"_acf_changed":false,"footnotes":""},"class_list":["post-15558","page","type-page","status-publish","hentry"],"acf":[],"yoast_head":"<!-- This site is optimized with the Yoast SEO plugin v27.2 - https:\/\/yoast.com\/product\/yoast-seo-wordpress\/ -->\n<title>Assima &amp; Anrufsimulator: AI Call Training | Assima<\/title>\n<meta name=\"description\" content=\"Verbessern Sie das Telefontraining mit dem KI-gesteuerten, interaktiven Lernen von Assima &amp; Call Simulator, um die Bereitschaft Ihrer Mitarbeiter zu verbessern, Wartezeiten zu verk\u00fcrzen und Kosten zu senken.\" \/>\n<meta name=\"robots\" content=\"index, follow, max-snippet:-1, max-image-preview:large, max-video-preview:-1\" \/>\n<link rel=\"canonical\" href=\"https:\/\/assimasolutions.com\/de\/partner\/anrufsimulator-partner-seite\/\" \/>\n<meta property=\"og:locale\" content=\"de_DE\" \/>\n<meta property=\"og:type\" content=\"article\" \/>\n<meta property=\"og:title\" content=\"Assima &amp; Anrufsimulator: AI Call Training | Assima\" \/>\n<meta property=\"og:description\" content=\"Verbessern Sie das Telefontraining mit dem KI-gesteuerten, interaktiven Lernen von Assima &amp; Call Simulator, um die Bereitschaft Ihrer Mitarbeiter zu verbessern, Wartezeiten zu verk\u00fcrzen und Kosten zu senken.\" \/>\n<meta property=\"og:url\" content=\"https:\/\/assimasolutions.com\/de\/partner\/anrufsimulator-partner-seite\/\" \/>\n<meta property=\"og:site_name\" content=\"Assima\" \/>\n<meta property=\"article:modified_time\" content=\"2025-12-12T02:33:27+00:00\" \/>\n<meta property=\"og:image\" content=\"https:\/\/assimasolutions.com\/wp-content\/uploads\/2025\/06\/image-6.png\" \/>\n<meta name=\"twitter:card\" content=\"summary_large_image\" \/>\n<meta name=\"twitter:label1\" content=\"Est. reading time\" \/>\n\t<meta name=\"twitter:data1\" content=\"1\u00a0Minute\" \/>\n<script type=\"application\/ld+json\" class=\"yoast-schema-graph\">{\"@context\":\"https:\/\/schema.org\",\"@graph\":[{\"@type\":\"WebPage\",\"@id\":\"https:\/\/assimasolutions.com\/de\/partner\/anrufsimulator-partner-seite\/\",\"url\":\"https:\/\/assimasolutions.com\/de\/partner\/anrufsimulator-partner-seite\/\",\"name\":\"Assima & Anrufsimulator: AI Call Training | Assima\",\"isPartOf\":{\"@id\":\"https:\/\/assimasolutions.com\/de\/#website\"},\"primaryImageOfPage\":{\"@id\":\"https:\/\/assimasolutions.com\/de\/partner\/anrufsimulator-partner-seite\/#primaryimage\"},\"image\":{\"@id\":\"https:\/\/assimasolutions.com\/de\/partner\/anrufsimulator-partner-seite\/#primaryimage\"},\"thumbnailUrl\":\"https:\/\/assimasolutions.com\/wp-content\/uploads\/2025\/06\/image-6.png\",\"datePublished\":\"2025-06-23T05:24:41+00:00\",\"dateModified\":\"2025-12-12T02:33:27+00:00\",\"description\":\"Verbessern Sie das Telefontraining mit dem KI-gesteuerten, interaktiven Lernen von Assima & Call Simulator, um die Bereitschaft Ihrer Mitarbeiter zu verbessern, Wartezeiten zu verk\u00fcrzen und Kosten zu senken.\",\"breadcrumb\":{\"@id\":\"https:\/\/assimasolutions.com\/de\/partner\/anrufsimulator-partner-seite\/#breadcrumb\"},\"inLanguage\":\"de\",\"potentialAction\":[{\"@type\":\"ReadAction\",\"target\":[\"https:\/\/assimasolutions.com\/de\/partner\/anrufsimulator-partner-seite\/\"]}]},{\"@type\":\"ImageObject\",\"inLanguage\":\"de\",\"@id\":\"https:\/\/assimasolutions.com\/de\/partner\/anrufsimulator-partner-seite\/#primaryimage\",\"url\":\"https:\/\/assimasolutions.com\/wp-content\/uploads\/2025\/06\/image-6.png\",\"contentUrl\":\"https:\/\/assimasolutions.com\/wp-content\/uploads\/2025\/06\/image-6.png\"},{\"@type\":\"BreadcrumbList\",\"@id\":\"https:\/\/assimasolutions.com\/de\/partner\/anrufsimulator-partner-seite\/#breadcrumb\",\"itemListElement\":[{\"@type\":\"ListItem\",\"position\":1,\"name\":\"Home\",\"item\":\"https:\/\/assimasolutions.com\/de\/\"},{\"@type\":\"ListItem\",\"position\":2,\"name\":\"Partner De\",\"item\":\"https:\/\/assimasolutions.com\/de\/partner\/\"},{\"@type\":\"ListItem\",\"position\":3,\"name\":\"Anrufsimulator Partner Seite\"}]},{\"@type\":\"WebSite\",\"@id\":\"https:\/\/assimasolutions.com\/de\/#website\",\"url\":\"https:\/\/assimasolutions.com\/de\/\",\"name\":\"Assima\",\"description\":\"\",\"publisher\":{\"@id\":\"https:\/\/assimasolutions.com\/de\/#organization\"},\"potentialAction\":[{\"@type\":\"SearchAction\",\"target\":{\"@type\":\"EntryPoint\",\"urlTemplate\":\"https:\/\/assimasolutions.com\/de\/?s={search_term_string}\"},\"query-input\":{\"@type\":\"PropertyValueSpecification\",\"valueRequired\":true,\"valueName\":\"search_term_string\"}}],\"inLanguage\":\"de\"},{\"@type\":\"Organization\",\"@id\":\"https:\/\/assimasolutions.com\/de\/#organization\",\"name\":\"Assima\",\"url\":\"https:\/\/assimasolutions.com\/de\/\",\"logo\":{\"@type\":\"ImageObject\",\"inLanguage\":\"de\",\"@id\":\"https:\/\/assimasolutions.com\/de\/#\/schema\/logo\/image\/\",\"url\":\"https:\/\/assimasolutions.com\/wp-content\/uploads\/2023\/12\/logo-1.webp\",\"contentUrl\":\"https:\/\/assimasolutions.com\/wp-content\/uploads\/2023\/12\/logo-1.webp\",\"width\":159,\"height\":36,\"caption\":\"Assima\"},\"image\":{\"@id\":\"https:\/\/assimasolutions.com\/de\/#\/schema\/logo\/image\/\"}}]}<\/script>\n<!-- \/ Yoast SEO plugin. -->","yoast_head_json":{"title":"Assima & Anrufsimulator: AI Call Training | Assima","description":"Verbessern Sie das Telefontraining mit dem KI-gesteuerten, interaktiven Lernen von Assima & Call Simulator, um die Bereitschaft Ihrer Mitarbeiter zu verbessern, Wartezeiten zu verk\u00fcrzen und Kosten zu senken.","robots":{"index":"index","follow":"follow","max-snippet":"max-snippet:-1","max-image-preview":"max-image-preview:large","max-video-preview":"max-video-preview:-1"},"canonical":"https:\/\/assimasolutions.com\/de\/partner\/anrufsimulator-partner-seite\/","og_locale":"de_DE","og_type":"article","og_title":"Assima & Anrufsimulator: AI Call Training | Assima","og_description":"Verbessern Sie das Telefontraining mit dem KI-gesteuerten, interaktiven Lernen von Assima & Call Simulator, um die Bereitschaft Ihrer Mitarbeiter zu verbessern, Wartezeiten zu verk\u00fcrzen und Kosten zu senken.","og_url":"https:\/\/assimasolutions.com\/de\/partner\/anrufsimulator-partner-seite\/","og_site_name":"Assima","article_modified_time":"2025-12-12T02:33:27+00:00","og_image":[{"url":"https:\/\/assimasolutions.com\/wp-content\/uploads\/2025\/06\/image-6.png","type":"","width":"","height":""}],"twitter_card":"summary_large_image","twitter_misc":{"Est. reading time":"1\u00a0Minute"},"schema":{"@context":"https:\/\/schema.org","@graph":[{"@type":"WebPage","@id":"https:\/\/assimasolutions.com\/de\/partner\/anrufsimulator-partner-seite\/","url":"https:\/\/assimasolutions.com\/de\/partner\/anrufsimulator-partner-seite\/","name":"Assima & Anrufsimulator: AI Call Training | Assima","isPartOf":{"@id":"https:\/\/assimasolutions.com\/de\/#website"},"primaryImageOfPage":{"@id":"https:\/\/assimasolutions.com\/de\/partner\/anrufsimulator-partner-seite\/#primaryimage"},"image":{"@id":"https:\/\/assimasolutions.com\/de\/partner\/anrufsimulator-partner-seite\/#primaryimage"},"thumbnailUrl":"https:\/\/assimasolutions.com\/wp-content\/uploads\/2025\/06\/image-6.png","datePublished":"2025-06-23T05:24:41+00:00","dateModified":"2025-12-12T02:33:27+00:00","description":"Verbessern Sie das Telefontraining mit dem KI-gesteuerten, interaktiven Lernen von Assima & Call Simulator, um die Bereitschaft Ihrer Mitarbeiter zu verbessern, Wartezeiten zu verk\u00fcrzen und Kosten zu senken.","breadcrumb":{"@id":"https:\/\/assimasolutions.com\/de\/partner\/anrufsimulator-partner-seite\/#breadcrumb"},"inLanguage":"de","potentialAction":[{"@type":"ReadAction","target":["https:\/\/assimasolutions.com\/de\/partner\/anrufsimulator-partner-seite\/"]}]},{"@type":"ImageObject","inLanguage":"de","@id":"https:\/\/assimasolutions.com\/de\/partner\/anrufsimulator-partner-seite\/#primaryimage","url":"https:\/\/assimasolutions.com\/wp-content\/uploads\/2025\/06\/image-6.png","contentUrl":"https:\/\/assimasolutions.com\/wp-content\/uploads\/2025\/06\/image-6.png"},{"@type":"BreadcrumbList","@id":"https:\/\/assimasolutions.com\/de\/partner\/anrufsimulator-partner-seite\/#breadcrumb","itemListElement":[{"@type":"ListItem","position":1,"name":"Home","item":"https:\/\/assimasolutions.com\/de\/"},{"@type":"ListItem","position":2,"name":"Partner De","item":"https:\/\/assimasolutions.com\/de\/partner\/"},{"@type":"ListItem","position":3,"name":"Anrufsimulator Partner Seite"}]},{"@type":"WebSite","@id":"https:\/\/assimasolutions.com\/de\/#website","url":"https:\/\/assimasolutions.com\/de\/","name":"Assima","description":"","publisher":{"@id":"https:\/\/assimasolutions.com\/de\/#organization"},"potentialAction":[{"@type":"SearchAction","target":{"@type":"EntryPoint","urlTemplate":"https:\/\/assimasolutions.com\/de\/?s={search_term_string}"},"query-input":{"@type":"PropertyValueSpecification","valueRequired":true,"valueName":"search_term_string"}}],"inLanguage":"de"},{"@type":"Organization","@id":"https:\/\/assimasolutions.com\/de\/#organization","name":"Assima","url":"https:\/\/assimasolutions.com\/de\/","logo":{"@type":"ImageObject","inLanguage":"de","@id":"https:\/\/assimasolutions.com\/de\/#\/schema\/logo\/image\/","url":"https:\/\/assimasolutions.com\/wp-content\/uploads\/2023\/12\/logo-1.webp","contentUrl":"https:\/\/assimasolutions.com\/wp-content\/uploads\/2023\/12\/logo-1.webp","width":159,"height":36,"caption":"Assima"},"image":{"@id":"https:\/\/assimasolutions.com\/de\/#\/schema\/logo\/image\/"}}]}},"_links":{"self":[{"href":"https:\/\/assimasolutions.com\/de\/wp-json\/wp\/v2\/pages\/15558","targetHints":{"allow":["GET"]}}],"collection":[{"href":"https:\/\/assimasolutions.com\/de\/wp-json\/wp\/v2\/pages"}],"about":[{"href":"https:\/\/assimasolutions.com\/de\/wp-json\/wp\/v2\/types\/page"}],"author":[{"embeddable":true,"href":"https:\/\/assimasolutions.com\/de\/wp-json\/wp\/v2\/users\/9"}],"replies":[{"embeddable":true,"href":"https:\/\/assimasolutions.com\/de\/wp-json\/wp\/v2\/comments?post=15558"}],"version-history":[{"count":0,"href":"https:\/\/assimasolutions.com\/de\/wp-json\/wp\/v2\/pages\/15558\/revisions"}],"up":[{"embeddable":true,"href":"https:\/\/assimasolutions.com\/de\/wp-json\/wp\/v2\/pages\/15541"}],"wp:attachment":[{"href":"https:\/\/assimasolutions.com\/de\/wp-json\/wp\/v2\/media?parent=15558"}],"curies":[{"name":"wp","href":"https:\/\/api.w.org\/{rel}","templated":true}]}}