{"id":15554,"date":"2025-06-20T13:58:40","date_gmt":"2025-06-20T12:58:40","guid":{"rendered":"https:\/\/assima2022.wpengine.com\/resultierende-it-partner-seite\/"},"modified":"2025-12-12T02:35:46","modified_gmt":"2025-12-12T02:35:46","slug":"resultierende-it-partner-seite","status":"publish","type":"page","link":"https:\/\/assimasolutions.com\/de\/resultierende-it-partner-seite\/","title":{"rendered":"Resultierende IT-Partner Seite"},"content":{"rendered":"\t\t<div data-elementor-type=\"wp-page\" data-elementor-id=\"15554\" class=\"elementor elementor-15554 elementor-11966\" data-elementor-settings=\"{&quot;ha_cmc_init_switcher&quot;:&quot;no&quot;}\" data-elementor-post-type=\"page\">\n\t\t\t\t<div class=\"elementor-element elementor-element-381f656 e-flex e-con-boxed e-con e-parent\" data-id=\"381f656\" data-element_type=\"container\" data-settings=\"{&quot;background_background&quot;:&quot;classic&quot;,&quot;_ha_eqh_enable&quot;:false}\">\n\t\t\t\t\t<div class=\"e-con-inner\">\n\t\t\t\t<div class=\"elementor-element elementor-element-58860e5 elementor-widget elementor-widget-image\" data-id=\"58860e5\" data-element_type=\"widget\" data-widget_type=\"image.default\">\n\t\t\t\t<div class=\"elementor-widget-container\">\n\t\t\t\t\t\t\t\t\t\t\t\t\t\t\t<img decoding=\"async\" src=\"https:\/\/assimasolutions.com\/wp-content\/uploads\/elementor\/thumbs\/image-5-r7q3q42ibbyygknrln0p9twi0g1uzsurxkiwo8vney.png\" title=\"image-5\" alt=\"Resulting IT\" loading=\"lazy\" \/>\t\t\t\t\t\t\t\t\t\t\t\t\t\t\t<\/div>\n\t\t\t\t<\/div>\n\t\t\t\t\t<\/div>\n\t\t\t\t<\/div>\n\t\t<div class=\"elementor-element elementor-element-3f68335 e-flex e-con-boxed e-con e-parent\" data-id=\"3f68335\" data-element_type=\"container\" data-settings=\"{&quot;_ha_eqh_enable&quot;:false}\">\n\t\t\t\t\t<div class=\"e-con-inner\">\n\t\t\t\t<div class=\"elementor-element elementor-element-215ea19 heading-assima-grad elementor-widget elementor-widget-heading\" data-id=\"215ea19\" data-element_type=\"widget\" data-widget_type=\"heading.default\">\n\t\t\t\t<div class=\"elementor-widget-container\">\n\t\t\t\t\t<h2 class=\"elementor-heading-title elementor-size-default\">Unabh\u00e4ngige SAP-Beratung<\/h2>\t\t\t\t<\/div>\n\t\t\t\t<\/div>\n\t\t\t\t<div class=\"elementor-element elementor-element-3cf9375 elementor-widget elementor-widget-text-editor\" data-id=\"3cf9375\" data-element_type=\"widget\" data-widget_type=\"text-editor.default\">\n\t\t\t\t<div class=\"elementor-widget-container\">\n\t\t\t\t\t\t\t\t\tResulting IT ist ein spezialisiertes kundenorientiertes Beratungsunternehmen mit Sitz in Warrington, Gro\u00dfbritannien. Mit mehr als 20 Jahren Erfahrung konzentriert sich das Unternehmen auf den Schutz der Kundeninteressen bei der Zusammenarbeit mit Systemintegratoren und Softwareanbietern. Resulting IT bietet Klarheit durch fachkundige Beratung und praktische Umsetzung und gew\u00e4hrleistet so optimale Ergebnisse f\u00fcr seine Kunden. Das Unternehmen, das vor kurzem durch eine Kapitalbeteiligung unterst\u00fctzt wurde, expandiert schnell in Gro\u00dfbritannien, Europa und den USA.   \t\t\t\t\t\t\t\t<\/div>\n\t\t\t\t<\/div>\n\t\t<div class=\"elementor-element elementor-element-04e01f7 e-con-full e-flex e-con e-child\" data-id=\"04e01f7\" data-element_type=\"container\" data-settings=\"{&quot;_ha_eqh_enable&quot;:false}\">\n\t\t<div data-ha-element-link=\"{&quot;url&quot;:&quot;https:\\\/\\\/assimasolutions.com\\\/resources\\\/webinars\\\/sap-s\\\/4hana-adoption-lifecycle-management\\\/&quot;,&quot;is_external&quot;:&quot;&quot;,&quot;nofollow&quot;:&quot;&quot;}\" style=\"cursor: pointer\" class=\"elementor-element elementor-element-119a232 e-con-full e-flex e-con e-child\" data-id=\"119a232\" data-element_type=\"container\" data-settings=\"{&quot;background_background&quot;:&quot;classic&quot;,&quot;_ha_eqh_enable&quot;:false}\">\n\t\t\t\t<\/div>\n\t\t<div class=\"elementor-element elementor-element-e98ab4d e-con-full e-flex e-con e-child\" data-id=\"e98ab4d\" data-element_type=\"container\" data-settings=\"{&quot;background_background&quot;:&quot;classic&quot;,&quot;_ha_eqh_enable&quot;:false}\">\n\t\t\t\t<div class=\"elementor-element elementor-element-fd2d2d2 elementor-widget elementor-widget-image\" data-id=\"fd2d2d2\" data-element_type=\"widget\" data-widget_type=\"image.default\">\n\t\t\t\t<div class=\"elementor-widget-container\">\n\t\t\t\t\t\t\t\t\t\t\t\t\t\t\t<img decoding=\"async\" width=\"83\" height=\"74\" src=\"https:\/\/assimasolutions.com\/wp-content\/uploads\/2025\/06\/stars-1.png\" class=\"attachment-thumbnail size-thumbnail wp-image-15075\" alt=\"Star sprite\" \/>\t\t\t\t\t\t\t\t\t\t\t\t\t\t\t<\/div>\n\t\t\t\t<\/div>\n\t\t\t\t<div class=\"elementor-element elementor-element-50a5cbf elementor-widget elementor-widget-text-editor\" data-id=\"50a5cbf\" data-element_type=\"widget\" data-widget_type=\"text-editor.default\">\n\t\t\t\t<div class=\"elementor-widget-container\">\n\t\t\t\t\t\t\t\t\t<p>K\u00fcrzlich sprach Dr. Simon Davies auf der Learning Technologies-Konferenz \u00fcber Adoption Lifecycle Management und wie Sie die Wertsch\u00f6pfung durch das Management der Adoption \u00fcber den Lebenszyklus eines SAP S\/4HANA-Programms steigern k\u00f6nnen.<\/p><p>W\u00e4hrend der Pr\u00e4sentation sprach Simon \u00fcber die 7 S\u00fcnden der SAP-Einf\u00fchrung, ein Thema, das nach einer von Resulting-IT in Auftrag gegebenen Umfrage unter 100 Unternehmen, die ein SAP-Implementierungsprogramm durchlaufen hatten, aufgegriffen wurde. Dabei wurde deutlich, dass bei jedem Projekt die gleichen Herausforderungen auftraten. <\/p>\t\t\t\t\t\t\t\t<\/div>\n\t\t\t\t<\/div>\n\t\t\t\t<\/div>\n\t\t\t\t<\/div>\n\t\t\t\t\t<\/div>\n\t\t\t\t<\/div>\n\t\t<div class=\"elementor-element elementor-element-e709a6e assima-bg-grad2 e-flex e-con-boxed e-con e-parent\" data-id=\"e709a6e\" data-element_type=\"container\" data-settings=\"{&quot;background_background&quot;:&quot;gradient&quot;,&quot;_ha_eqh_enable&quot;:false}\">\n\t\t\t\t\t<div class=\"e-con-inner\">\n\t\t<div class=\"elementor-element elementor-element-17e2de5 e-con-full e-flex e-con e-child\" data-id=\"17e2de5\" data-element_type=\"container\" data-settings=\"{&quot;_ha_eqh_enable&quot;:false}\">\n\t\t\t\t<div class=\"elementor-element elementor-element-00479b8 elementor-widget elementor-widget-text-editor\" data-id=\"00479b8\" data-element_type=\"widget\" data-widget_type=\"text-editor.default\">\n\t\t\t\t<div class=\"elementor-widget-container\">\n\t\t\t\t\t\t\t\t\t<p>Wenn Sie mehr \u00fcber diese 7 S\u00fcnden erfahren m\u00f6chten, finden Sie das E-Book auf der Resulting-IT-Website hier: <a class=\"hover-white\" href=\"https:\/\/www.resulting-it.com\/sap-adoption-change-management-training\">Leitfaden f\u00fcr SAP-Einf\u00fchrung, Schulung und Change Management <\/a> <\/p>\t\t\t\t\t\t\t\t<\/div>\n\t\t\t\t<\/div>\n\t\t\t\t<\/div>\n\t\t\t\t\t<\/div>\n\t\t\t\t<\/div>\n\t\t<div class=\"elementor-element elementor-element-cbc4b4e e-flex e-con-boxed e-con e-parent\" data-id=\"cbc4b4e\" data-element_type=\"container\" data-settings=\"{&quot;_ha_eqh_enable&quot;:false}\">\n\t\t\t\t\t<div class=\"e-con-inner\">\n\t\t<div class=\"elementor-element elementor-element-3d8f3a5 e-con-full e-flex e-con e-child\" data-id=\"3d8f3a5\" data-element_type=\"container\" data-settings=\"{&quot;background_background&quot;:&quot;classic&quot;,&quot;_ha_eqh_enable&quot;:false}\">\n\t\t\t\t<div class=\"elementor-element elementor-element-af0cf49 elementor-widget elementor-widget-image\" data-id=\"af0cf49\" data-element_type=\"widget\" data-widget_type=\"image.default\">\n\t\t\t\t<div class=\"elementor-widget-container\">\n\t\t\t\t\t\t\t\t\t\t\t\t\t\t\t<img decoding=\"async\" width=\"83\" height=\"74\" src=\"https:\/\/assimasolutions.com\/wp-content\/uploads\/2025\/06\/stars-1.png\" class=\"attachment-thumbnail size-thumbnail wp-image-15075\" alt=\"Star sprite\" \/>\t\t\t\t\t\t\t\t\t\t\t\t\t\t\t<\/div>\n\t\t\t\t<\/div>\n\t\t\t\t<div class=\"elementor-element elementor-element-ca468ab elementor-widget elementor-widget-text-editor\" data-id=\"ca468ab\" data-element_type=\"widget\" data-widget_type=\"text-editor.default\">\n\t\t\t\t<div class=\"elementor-widget-container\">\n\t\t\t\t\t\t\t\t\t<p>Resulting-IT und Assima haben bereits in vielen Projekten zusammengearbeitet, um die erfolgreiche Einbindung von Mitarbeitern und die Einf\u00fchrung von SAP zu unterst\u00fctzen.<\/p><p>Wenn Sie sich mit Resulting-IT in Verbindung setzen m\u00f6chten, um zu erfahren, wie das Unternehmen Ihnen bei Ihrem bevorstehenden SAP-Projekt helfen kann, dann kontaktieren Sie uns \u00fcber die unten stehenden Links.<\/p>\t\t\t\t\t\t\t\t<\/div>\n\t\t\t\t<\/div>\n\t\t<div class=\"elementor-element elementor-element-5601d5a e-con-full e-flex e-con e-child\" data-id=\"5601d5a\" data-element_type=\"container\" data-settings=\"{&quot;_ha_eqh_enable&quot;:false}\">\n\t\t\t\t<div data-ha-element-link=\"{&quot;url&quot;:&quot;https:\\\/\\\/www.resulting-it.com\\\/&quot;,&quot;is_external&quot;:&quot;on&quot;,&quot;nofollow&quot;:&quot;on&quot;}\" style=\"cursor: pointer\" class=\"elementor-element elementor-element-2c66f0f premium-wrapper-link-yes elementor-widget elementor-widget-image\" data-id=\"2c66f0f\" data-element_type=\"widget\" data-widget_type=\"image.default\">\n\t\t\t\t<div class=\"elementor-widget-container\">\n\t\t\t\t\t\t\t\t\t\t\t\t\t\t\t<img decoding=\"async\" width=\"50\" height=\"50\" src=\"https:\/\/assimasolutions.com\/wp-content\/uploads\/2025\/06\/website-1.svg\" class=\"attachment-large size-large wp-image-15063\" alt=\"Website\" \/>\t\t\t\t\t\t\t\t\t\t\t\t\t\t\t<\/div>\n\t\t\t\t<\/div>\n\t\t\t\t<div data-ha-element-link=\"{&quot;url&quot;:&quot;https:\\\/\\\/www.linkedin.com\\\/company\\\/resulting-ltd\\\/&quot;,&quot;is_external&quot;:&quot;on&quot;,&quot;nofollow&quot;:&quot;on&quot;}\" style=\"cursor: pointer\" class=\"elementor-element elementor-element-ff83faf elementor-widget elementor-widget-image\" data-id=\"ff83faf\" data-element_type=\"widget\" data-widget_type=\"image.default\">\n\t\t\t\t<div class=\"elementor-widget-container\">\n\t\t\t\t\t\t\t\t\t\t\t\t\t\t\t<img decoding=\"async\" width=\"50\" height=\"50\" src=\"https:\/\/assimasolutions.com\/wp-content\/uploads\/2025\/06\/linkedin-4.svg\" class=\"attachment-large size-large wp-image-15065\" alt=\"Linkedin\" \/>\t\t\t\t\t\t\t\t\t\t\t\t\t\t\t<\/div>\n\t\t\t\t<\/div>\n\t\t\t\t<\/div>\n\t\t\t\t<\/div>\n\t\t<div class=\"elementor-element elementor-element-97d5aeb e-con-full e-flex e-con e-child\" data-id=\"97d5aeb\" data-element_type=\"container\" data-settings=\"{&quot;_ha_eqh_enable&quot;:false}\">\n\t\t\t\t<div class=\"elementor-element elementor-element-d96c822 elementor-widget elementor-widget-image\" data-id=\"d96c822\" data-element_type=\"widget\" data-widget_type=\"image.default\">\n\t\t\t\t<div class=\"elementor-widget-container\">\n\t\t\t\t\t\t\t\t\t\t\t\t\t\t\t<img loading=\"lazy\" decoding=\"async\" width=\"669\" height=\"505\" src=\"https:\/\/assimasolutions.com\/wp-content\/uploads\/2025\/06\/resulting-it-assima-partnership-1.png\" class=\"attachment-large size-large wp-image-15081\" alt=\"Resulting IT and Assima\" srcset=\"https:\/\/assimasolutions.com\/wp-content\/uploads\/2025\/06\/resulting-it-assima-partnership-1.png 669w, https:\/\/assimasolutions.com\/wp-content\/uploads\/2025\/06\/resulting-it-assima-partnership-1-300x226.png 300w, https:\/\/assimasolutions.com\/wp-content\/uploads\/2025\/06\/resulting-it-assima-partnership-1-150x113.png 150w\" sizes=\"(max-width: 669px) 100vw, 669px\" \/>\t\t\t\t\t\t\t\t\t\t\t\t\t\t\t<\/div>\n\t\t\t\t<\/div>\n\t\t\t\t<\/div>\n\t\t\t\t\t<\/div>\n\t\t\t\t<\/div>\n\t\t\t\t<\/div>\n\t\t","protected":false},"excerpt":{"rendered":"<p>Unabh\u00e4ngige SAP-Beratung Resulting IT ist ein spezialisiertes kundenorientiertes Beratungsunternehmen mit Sitz in Warrington, Gro\u00dfbritannien. Mit mehr als 20 Jahren Erfahrung konzentriert sich das Unternehmen auf den Schutz der Kundeninteressen bei der Zusammenarbeit mit Systemintegratoren und Softwareanbietern. Resulting IT bietet Klarheit durch fachkundige Beratung und praktische Umsetzung und gew\u00e4hrleistet so optimale Ergebnisse f\u00fcr seine Kunden. Das [&hellip;]<\/p>\n","protected":false},"author":9,"featured_media":0,"parent":0,"menu_order":0,"comment_status":"closed","ping_status":"closed","template":"","meta":{"_acf_changed":false,"footnotes":""},"class_list":["post-15554","page","type-page","status-publish","hentry"],"acf":[],"yoast_head":"<!-- This site is optimized with the Yoast SEO plugin v27.2 - https:\/\/yoast.com\/product\/yoast-seo-wordpress\/ -->\n<title>Resulting-IT | SAP-Beratung f\u00fcr erfolgreichen Einsatz | Assima<\/title>\n<meta name=\"description\" content=\"Entdecken Sie, wie Resulting-IT und Assima die SAP-Einf\u00fchrung mit bew\u00e4hrten Strategien, Expertenwissen und praktischer Umsetzung f\u00fcr Ihre SAP-Projekte f\u00f6rdern k\u00f6nnen.\" \/>\n<meta name=\"robots\" content=\"index, follow, max-snippet:-1, max-image-preview:large, max-video-preview:-1\" \/>\n<link rel=\"canonical\" href=\"https:\/\/assimasolutions.com\/de\/resultierende-it-partner-seite\/\" \/>\n<meta property=\"og:locale\" content=\"de_DE\" \/>\n<meta property=\"og:type\" content=\"article\" \/>\n<meta property=\"og:title\" content=\"Resulting-IT | SAP-Beratung f\u00fcr erfolgreichen Einsatz | Assima\" \/>\n<meta property=\"og:description\" content=\"Entdecken Sie, wie Resulting-IT und Assima die SAP-Einf\u00fchrung mit bew\u00e4hrten Strategien, Expertenwissen und praktischer Umsetzung f\u00fcr Ihre SAP-Projekte f\u00f6rdern k\u00f6nnen.\" \/>\n<meta property=\"og:url\" content=\"https:\/\/assimasolutions.com\/de\/resultierende-it-partner-seite\/\" \/>\n<meta property=\"og:site_name\" content=\"Assima\" \/>\n<meta property=\"article:modified_time\" content=\"2025-12-12T02:35:46+00:00\" \/>\n<meta property=\"og:image\" content=\"https:\/\/assimasolutions.com\/wp-content\/uploads\/elementor\/thumbs\/image-5-r8uavwts2jxhdvp81p6o9mrt56mrsqi6dqe328ybt6.png\" \/>\n<meta name=\"twitter:card\" content=\"summary_large_image\" \/>\n<meta name=\"twitter:label1\" content=\"Est. reading time\" \/>\n\t<meta name=\"twitter:data1\" content=\"1\u00a0Minute\" \/>\n<script type=\"application\/ld+json\" class=\"yoast-schema-graph\">{\"@context\":\"https:\/\/schema.org\",\"@graph\":[{\"@type\":\"WebPage\",\"@id\":\"https:\/\/assimasolutions.com\/de\/resultierende-it-partner-seite\/\",\"url\":\"https:\/\/assimasolutions.com\/de\/resultierende-it-partner-seite\/\",\"name\":\"Resulting-IT | SAP-Beratung f\u00fcr erfolgreichen Einsatz | Assima\",\"isPartOf\":{\"@id\":\"https:\/\/assimasolutions.com\/de\/#website\"},\"primaryImageOfPage\":{\"@id\":\"https:\/\/assimasolutions.com\/de\/resultierende-it-partner-seite\/#primaryimage\"},\"image\":{\"@id\":\"https:\/\/assimasolutions.com\/de\/resultierende-it-partner-seite\/#primaryimage\"},\"thumbnailUrl\":\"https:\/\/assimasolutions.com\/wp-content\/uploads\/elementor\/thumbs\/image-5-r8uavwts2jxhdvp81p6o9mrt56mrsqi6dqe328ybt6.png\",\"datePublished\":\"2025-06-20T12:58:40+00:00\",\"dateModified\":\"2025-12-12T02:35:46+00:00\",\"description\":\"Entdecken Sie, wie Resulting-IT und Assima die SAP-Einf\u00fchrung mit bew\u00e4hrten Strategien, Expertenwissen und praktischer Umsetzung f\u00fcr Ihre SAP-Projekte f\u00f6rdern k\u00f6nnen.\",\"breadcrumb\":{\"@id\":\"https:\/\/assimasolutions.com\/de\/resultierende-it-partner-seite\/#breadcrumb\"},\"inLanguage\":\"de\",\"potentialAction\":[{\"@type\":\"ReadAction\",\"target\":[\"https:\/\/assimasolutions.com\/de\/resultierende-it-partner-seite\/\"]}]},{\"@type\":\"ImageObject\",\"inLanguage\":\"de\",\"@id\":\"https:\/\/assimasolutions.com\/de\/resultierende-it-partner-seite\/#primaryimage\",\"url\":\"https:\/\/assimasolutions.com\/wp-content\/uploads\/elementor\/thumbs\/image-5-r8uavwts2jxhdvp81p6o9mrt56mrsqi6dqe328ybt6.png\",\"contentUrl\":\"https:\/\/assimasolutions.com\/wp-content\/uploads\/elementor\/thumbs\/image-5-r8uavwts2jxhdvp81p6o9mrt56mrsqi6dqe328ybt6.png\"},{\"@type\":\"BreadcrumbList\",\"@id\":\"https:\/\/assimasolutions.com\/de\/resultierende-it-partner-seite\/#breadcrumb\",\"itemListElement\":[{\"@type\":\"ListItem\",\"position\":1,\"name\":\"Home\",\"item\":\"https:\/\/assimasolutions.com\/de\/\"},{\"@type\":\"ListItem\",\"position\":2,\"name\":\"Resultierende IT-Partner Seite\"}]},{\"@type\":\"WebSite\",\"@id\":\"https:\/\/assimasolutions.com\/de\/#website\",\"url\":\"https:\/\/assimasolutions.com\/de\/\",\"name\":\"Assima\",\"description\":\"\",\"publisher\":{\"@id\":\"https:\/\/assimasolutions.com\/de\/#organization\"},\"potentialAction\":[{\"@type\":\"SearchAction\",\"target\":{\"@type\":\"EntryPoint\",\"urlTemplate\":\"https:\/\/assimasolutions.com\/de\/?s={search_term_string}\"},\"query-input\":{\"@type\":\"PropertyValueSpecification\",\"valueRequired\":true,\"valueName\":\"search_term_string\"}}],\"inLanguage\":\"de\"},{\"@type\":\"Organization\",\"@id\":\"https:\/\/assimasolutions.com\/de\/#organization\",\"name\":\"Assima\",\"url\":\"https:\/\/assimasolutions.com\/de\/\",\"logo\":{\"@type\":\"ImageObject\",\"inLanguage\":\"de\",\"@id\":\"https:\/\/assimasolutions.com\/de\/#\/schema\/logo\/image\/\",\"url\":\"https:\/\/assimasolutions.com\/wp-content\/uploads\/2023\/12\/logo-1.webp\",\"contentUrl\":\"https:\/\/assimasolutions.com\/wp-content\/uploads\/2023\/12\/logo-1.webp\",\"width\":159,\"height\":36,\"caption\":\"Assima\"},\"image\":{\"@id\":\"https:\/\/assimasolutions.com\/de\/#\/schema\/logo\/image\/\"}}]}<\/script>\n<!-- \/ Yoast SEO plugin. -->","yoast_head_json":{"title":"Resulting-IT | SAP-Beratung f\u00fcr erfolgreichen Einsatz | Assima","description":"Entdecken Sie, wie Resulting-IT und Assima die SAP-Einf\u00fchrung mit bew\u00e4hrten Strategien, Expertenwissen und praktischer Umsetzung f\u00fcr Ihre SAP-Projekte f\u00f6rdern k\u00f6nnen.","robots":{"index":"index","follow":"follow","max-snippet":"max-snippet:-1","max-image-preview":"max-image-preview:large","max-video-preview":"max-video-preview:-1"},"canonical":"https:\/\/assimasolutions.com\/de\/resultierende-it-partner-seite\/","og_locale":"de_DE","og_type":"article","og_title":"Resulting-IT | SAP-Beratung f\u00fcr erfolgreichen Einsatz | Assima","og_description":"Entdecken Sie, wie Resulting-IT und Assima die SAP-Einf\u00fchrung mit bew\u00e4hrten Strategien, Expertenwissen und praktischer Umsetzung f\u00fcr Ihre SAP-Projekte f\u00f6rdern k\u00f6nnen.","og_url":"https:\/\/assimasolutions.com\/de\/resultierende-it-partner-seite\/","og_site_name":"Assima","article_modified_time":"2025-12-12T02:35:46+00:00","og_image":[{"url":"https:\/\/assimasolutions.com\/wp-content\/uploads\/elementor\/thumbs\/image-5-r8uavwts2jxhdvp81p6o9mrt56mrsqi6dqe328ybt6.png","type":"","width":"","height":""}],"twitter_card":"summary_large_image","twitter_misc":{"Est. reading time":"1\u00a0Minute"},"schema":{"@context":"https:\/\/schema.org","@graph":[{"@type":"WebPage","@id":"https:\/\/assimasolutions.com\/de\/resultierende-it-partner-seite\/","url":"https:\/\/assimasolutions.com\/de\/resultierende-it-partner-seite\/","name":"Resulting-IT | SAP-Beratung f\u00fcr erfolgreichen Einsatz | Assima","isPartOf":{"@id":"https:\/\/assimasolutions.com\/de\/#website"},"primaryImageOfPage":{"@id":"https:\/\/assimasolutions.com\/de\/resultierende-it-partner-seite\/#primaryimage"},"image":{"@id":"https:\/\/assimasolutions.com\/de\/resultierende-it-partner-seite\/#primaryimage"},"thumbnailUrl":"https:\/\/assimasolutions.com\/wp-content\/uploads\/elementor\/thumbs\/image-5-r8uavwts2jxhdvp81p6o9mrt56mrsqi6dqe328ybt6.png","datePublished":"2025-06-20T12:58:40+00:00","dateModified":"2025-12-12T02:35:46+00:00","description":"Entdecken Sie, wie Resulting-IT und Assima die SAP-Einf\u00fchrung mit bew\u00e4hrten Strategien, Expertenwissen und praktischer Umsetzung f\u00fcr Ihre SAP-Projekte f\u00f6rdern k\u00f6nnen.","breadcrumb":{"@id":"https:\/\/assimasolutions.com\/de\/resultierende-it-partner-seite\/#breadcrumb"},"inLanguage":"de","potentialAction":[{"@type":"ReadAction","target":["https:\/\/assimasolutions.com\/de\/resultierende-it-partner-seite\/"]}]},{"@type":"ImageObject","inLanguage":"de","@id":"https:\/\/assimasolutions.com\/de\/resultierende-it-partner-seite\/#primaryimage","url":"https:\/\/assimasolutions.com\/wp-content\/uploads\/elementor\/thumbs\/image-5-r8uavwts2jxhdvp81p6o9mrt56mrsqi6dqe328ybt6.png","contentUrl":"https:\/\/assimasolutions.com\/wp-content\/uploads\/elementor\/thumbs\/image-5-r8uavwts2jxhdvp81p6o9mrt56mrsqi6dqe328ybt6.png"},{"@type":"BreadcrumbList","@id":"https:\/\/assimasolutions.com\/de\/resultierende-it-partner-seite\/#breadcrumb","itemListElement":[{"@type":"ListItem","position":1,"name":"Home","item":"https:\/\/assimasolutions.com\/de\/"},{"@type":"ListItem","position":2,"name":"Resultierende IT-Partner Seite"}]},{"@type":"WebSite","@id":"https:\/\/assimasolutions.com\/de\/#website","url":"https:\/\/assimasolutions.com\/de\/","name":"Assima","description":"","publisher":{"@id":"https:\/\/assimasolutions.com\/de\/#organization"},"potentialAction":[{"@type":"SearchAction","target":{"@type":"EntryPoint","urlTemplate":"https:\/\/assimasolutions.com\/de\/?s={search_term_string}"},"query-input":{"@type":"PropertyValueSpecification","valueRequired":true,"valueName":"search_term_string"}}],"inLanguage":"de"},{"@type":"Organization","@id":"https:\/\/assimasolutions.com\/de\/#organization","name":"Assima","url":"https:\/\/assimasolutions.com\/de\/","logo":{"@type":"ImageObject","inLanguage":"de","@id":"https:\/\/assimasolutions.com\/de\/#\/schema\/logo\/image\/","url":"https:\/\/assimasolutions.com\/wp-content\/uploads\/2023\/12\/logo-1.webp","contentUrl":"https:\/\/assimasolutions.com\/wp-content\/uploads\/2023\/12\/logo-1.webp","width":159,"height":36,"caption":"Assima"},"image":{"@id":"https:\/\/assimasolutions.com\/de\/#\/schema\/logo\/image\/"}}]}},"_links":{"self":[{"href":"https:\/\/assimasolutions.com\/de\/wp-json\/wp\/v2\/pages\/15554","targetHints":{"allow":["GET"]}}],"collection":[{"href":"https:\/\/assimasolutions.com\/de\/wp-json\/wp\/v2\/pages"}],"about":[{"href":"https:\/\/assimasolutions.com\/de\/wp-json\/wp\/v2\/types\/page"}],"author":[{"embeddable":true,"href":"https:\/\/assimasolutions.com\/de\/wp-json\/wp\/v2\/users\/9"}],"replies":[{"embeddable":true,"href":"https:\/\/assimasolutions.com\/de\/wp-json\/wp\/v2\/comments?post=15554"}],"version-history":[{"count":0,"href":"https:\/\/assimasolutions.com\/de\/wp-json\/wp\/v2\/pages\/15554\/revisions"}],"wp:attachment":[{"href":"https:\/\/assimasolutions.com\/de\/wp-json\/wp\/v2\/media?parent=15554"}],"curies":[{"name":"wp","href":"https:\/\/api.w.org\/{rel}","templated":true}]}}